{"id":4961,"date":"2014-08-25T12:40:33","date_gmt":"2014-08-25T12:40:33","guid":{"rendered":"https:\/\/www.aesis-conseil.com\/contact-aesis\/"},"modified":"2024-02-23T16:21:54","modified_gmt":"2024-02-23T15:21:54","slug":"contattateci-aesis","status":"publish","type":"page","link":"https:\/\/www.aesis-conseil.com\/it\/contattateci-aesis\/","title":{"rendered":"Contattateci"},"content":{"rendered":"<section id=\"\"  class=\"light\">  <div class=\"container triangles-of-section\">    <div class=\"triangle-up-left\"><\/div>    <div class=\"square-left\"><\/div>    <div class=\"triangle-up-right\"><\/div>    <div class=\"square-right\"><\/div>  <\/div> <div class=\"container\">  <div class=\"row\"><div class=\"col-md-4  text-default\" ><div class=\"team_member office_address\"><img decoding=\"async\" src=\"https:\/\/www.aesis-conseil.com\/wp-content\/uploads\/2014\/08\/logo_final_aesis-e1586943906366.jpg\"  alt=\"\"><small><\/small><br><br><address>AESIS Conseil SARL<br \/>\nParc de l&#8217;Arboretum, imm. A1<br \/>\n73 rue de Saint-Mandrier<br \/>\nZ.A. de la Millonne<br \/>\n83140 Six-Fours<br \/>\nFrance<\/address>\n<p>T\u00e9l.: +33 (0)4 89 81 43 43<\/p>\n<\/div><\/div><div class=\"col-md-8  text-default\" >\n<div class=\"wpcf7 no-js\" id=\"wpcf7-f7266-o1\" lang=\"it-IT\" dir=\"ltr\" data-wpcf7-id=\"7266\">\n<div class=\"screen-reader-response\"><p role=\"status\" aria-live=\"polite\" aria-atomic=\"true\"><\/p> <ul><\/ul><\/div>\n<form action=\"\/it\/wp-json\/wp\/v2\/pages\/4961#wpcf7-f7266-o1\" method=\"post\" class=\"wpcf7-form init\" aria-label=\"Modulo di contatto\" novalidate=\"novalidate\" data-status=\"init\">\n<fieldset class=\"hidden-fields-container\"><input type=\"hidden\" name=\"_wpcf7\" value=\"7266\" \/><input type=\"hidden\" name=\"_wpcf7_version\" value=\"6.1.5\" \/><input type=\"hidden\" name=\"_wpcf7_locale\" value=\"it_IT\" \/><input type=\"hidden\" name=\"_wpcf7_unit_tag\" value=\"wpcf7-f7266-o1\" \/><input type=\"hidden\" name=\"_wpcf7_container_post\" value=\"0\" \/><input type=\"hidden\" name=\"_wpcf7_posted_data_hash\" value=\"\" \/>\n<\/fieldset>\n<p><label>La tua email<span class=\"text-danger\">*<\/span>:<br \/>\n<span class=\"wpcf7-form-control-wrap\" data-name=\"email\"><input size=\"40\" maxlength=\"400\" class=\"wpcf7-form-control wpcf7-form-control form-control wpcf7-validates-as-required wpcf7-form-control form-control wpcf7-validates-as-email\" autocomplete=\"email\" aria-required=\"true\" aria-invalid=\"false\" value=\"\" type=\"email\" name=\"email\" \/><\/span><\/label>\n<\/p>\n<p><label>Il tuo telefono:<br \/>\n<span class=\"wpcf7-form-control-wrap\" data-name=\"phone\"><input size=\"40\" maxlength=\"400\" class=\"wpcf7-form-control wpcf7-tel wpcf7-form-control form-control wpcf7-validates-as-tel\" autocomplete=\"phone\" aria-invalid=\"false\" value=\"\" type=\"tel\" name=\"phone\" \/><\/span><\/label>\n<\/p>\n<p><label>Il tuo messaggio<span class=\"text-danger\">*<\/span>:<br \/>\n<span class=\"wpcf7-form-control-wrap\" data-name=\"message\"><textarea cols=\"40\" rows=\"10\" maxlength=\"2000\" class=\"wpcf7-form-control wpcf7-form-control wpcf7-form-control form-control wpcf7-validates-as-required\" aria-required=\"true\" aria-invalid=\"false\" name=\"message\"><\/textarea><\/span><\/label>\n<\/p>\n<p><span id=\"wpcf7-69e04ea1a9ea3-wrapper\" class=\"wpcf7-form-control-wrap company-wrap\" style=\"display:none !important; visibility:hidden !important;\"><input id=\"wpcf7-69e04ea1a9ea3-field\"  class=\"wpcf7-form-control wpcf7-form-control form-control\" type=\"text\" name=\"company\" value=\"\" size=\"40\" tabindex=\"-1\" autocomplete=\"new-password\" \/><\/span>\n<\/p>\n<p><input class=\"wpcf7-form-control wpcf7-submit btn btn-primary has-spinner\" type=\"submit\" value=\"Invia\" \/>\n<\/p><p style=\"display: none !important;\" class=\"akismet-fields-container\" data-prefix=\"_wpcf7_ak_\"><label>&#916;<textarea name=\"_wpcf7_ak_hp_textarea\" cols=\"45\" rows=\"8\" maxlength=\"100\"><\/textarea><\/label><input type=\"hidden\" id=\"ak_js_1\" name=\"_wpcf7_ak_js\" value=\"47\"\/><script>document.getElementById( \"ak_js_1\" ).setAttribute( \"value\", ( new Date() ).getTime() );<\/script><\/p><div class=\"wpcf7-response-output\" aria-hidden=\"true\"><\/div>\n<\/form>\n<\/div>\n<\/div>  <\/div>  <\/div><\/section><section id=\"\"  class=\"light\"> <div class=\"container\">  <div class=\"row\"><div class=\"col-md-12  text-default\" >[vc_separator color=&#8221;custom&#8221; accent_color=&#8221;#222222&#8243;][vc_column_text el_class=&#8221;cnil&#8221;]Le informazioni raccolte sono soggette ad un trattamento informatico per migliorare i servizi resi ai nostri clienti e prospetti. Il destinatario dei dati \u00e8 la societ\u00e0 Aesis Conseil SARL. In conformit\u00e0 con la legge &#8220;Informatique et Libert\u00e9s&#8221; (protezione dei dati)\u00a0 del 6 gennaio 1978 emendata nel 2004, avete il diritto di accedere e correggere le informazioni che vi riguardano, inviando una mail all&#8217;indirizzo cnil &lt;chioccolina&gt; aesis-conseil &lt;punto&gt; com.[\/vc_column_text]<\/div>  <\/div>  <\/div><\/section>\n","protected":false},"excerpt":{"rendered":"AESIS Conseil SARL Parc de l'Arboretum, imm. A1 73 rue de Saint-Mandrier Z.A. de la Millonne 83140 Six-Fours France T\u00e9l.: +33 (0)4 89 81 43 43 La tua email*: Il tuo telefono: Il tuo messaggio*: &#916; [vc_separator color=\"custom\" accent_color=\"#222222\"][vc_column_text el_class=\"cnil\"]Le informazioni raccolte sono soggette ad un trattamento informatico per migliorare i servizi resi ai nostri [...]<a target=\"_blank\" href=\"https:\/\/www.aesis-conseil.com\/it\/contattateci-aesis\/\"> Lire la suite<\/a>","protected":false},"author":1,"featured_media":0,"parent":0,"menu_order":6,"comment_status":"closed","ping_status":"closed","template":"","meta":{"footnotes":""},"class_list":["post-4961","page","type-page","status-publish","hentry"],"yoast_head":"<!-- This site is optimized with the Yoast SEO plugin v27.1.1 - https:\/\/yoast.com\/product\/yoast-seo-wordpress\/ -->\n<title>Contattateci - Aesis Conseil<\/title>\n<meta name=\"robots\" content=\"index, follow, max-snippet:-1, max-image-preview:large, max-video-preview:-1\" \/>\n<link rel=\"canonical\" href=\"https:\/\/www.aesis-conseil.com\/it\/contattateci-aesis\/\" \/>\n<meta property=\"og:locale\" content=\"it_IT\" \/>\n<meta property=\"og:type\" content=\"article\" \/>\n<meta property=\"og:title\" content=\"Contattateci - Aesis Conseil\" \/>\n<meta property=\"og:url\" content=\"https:\/\/www.aesis-conseil.com\/it\/contattateci-aesis\/\" \/>\n<meta property=\"og:site_name\" content=\"Aesis Conseil\" \/>\n<meta property=\"article:publisher\" content=\"https:\/\/fr-fr.facebook.com\/aesisconseil\" \/>\n<meta property=\"article:modified_time\" content=\"2024-02-23T15:21:54+00:00\" \/>\n<meta property=\"og:image\" content=\"https:\/\/www.aesis-conseil.com\/wp-content\/uploads\/2015\/04\/logo_final_aesis_court.png\" \/>\n\t<meta property=\"og:image:width\" content=\"127\" \/>\n\t<meta property=\"og:image:height\" content=\"90\" \/>\n\t<meta property=\"og:image:type\" content=\"image\/png\" \/>\n<meta name=\"twitter:card\" content=\"summary_large_image\" \/>\n<meta name=\"twitter:site\" content=\"@aesisconseil\" \/>\n<meta name=\"twitter:label1\" content=\"Tempo di lettura stimato\" \/>\n\t<meta name=\"twitter:data1\" content=\"1 minuto\" \/>\n<script type=\"application\/ld+json\" class=\"yoast-schema-graph\">{\"@context\":\"https:\/\/schema.org\",\"@graph\":[{\"@type\":\"WebPage\",\"@id\":\"https:\/\/www.aesis-conseil.com\/it\/contattateci-aesis\/\",\"url\":\"https:\/\/www.aesis-conseil.com\/it\/contattateci-aesis\/\",\"name\":\"Contattateci - Aesis Conseil\",\"isPartOf\":{\"@id\":\"https:\/\/www.aesis-conseil.com\/#website\"},\"datePublished\":\"2014-08-25T12:40:33+00:00\",\"dateModified\":\"2024-02-23T15:21:54+00:00\",\"breadcrumb\":{\"@id\":\"https:\/\/www.aesis-conseil.com\/it\/contattateci-aesis\/#breadcrumb\"},\"inLanguage\":\"it-IT\",\"potentialAction\":[{\"@type\":\"ReadAction\",\"target\":[\"https:\/\/www.aesis-conseil.com\/it\/contattateci-aesis\/\"]}]},{\"@type\":\"BreadcrumbList\",\"@id\":\"https:\/\/www.aesis-conseil.com\/it\/contattateci-aesis\/#breadcrumb\",\"itemListElement\":[{\"@type\":\"ListItem\",\"position\":1,\"name\":\"Accueil\",\"item\":\"https:\/\/www.aesis-conseil.com\/it\/\"},{\"@type\":\"ListItem\",\"position\":2,\"name\":\"Contattateci\"}]},{\"@type\":\"WebSite\",\"@id\":\"https:\/\/www.aesis-conseil.com\/#website\",\"url\":\"https:\/\/www.aesis-conseil.com\/\",\"name\":\"Aesis Conseil\",\"description\":\"Partenaire dans un monde ouvert\",\"publisher\":{\"@id\":\"https:\/\/www.aesis-conseil.com\/#organization\"},\"potentialAction\":[{\"@type\":\"SearchAction\",\"target\":{\"@type\":\"EntryPoint\",\"urlTemplate\":\"https:\/\/www.aesis-conseil.com\/?s={search_term_string}\"},\"query-input\":{\"@type\":\"PropertyValueSpecification\",\"valueRequired\":true,\"valueName\":\"search_term_string\"}}],\"inLanguage\":\"it-IT\"},{\"@type\":\"Organization\",\"@id\":\"https:\/\/www.aesis-conseil.com\/#organization\",\"name\":\"Aesis Conseil\",\"url\":\"https:\/\/www.aesis-conseil.com\/\",\"logo\":{\"@type\":\"ImageObject\",\"inLanguage\":\"it-IT\",\"@id\":\"https:\/\/www.aesis-conseil.com\/#\/schema\/logo\/image\/\",\"url\":\"https:\/\/www.aesis-conseil.com\/wp-content\/uploads\/2015\/04\/logo_final_aesis_court.png\",\"contentUrl\":\"https:\/\/www.aesis-conseil.com\/wp-content\/uploads\/2015\/04\/logo_final_aesis_court.png\",\"width\":127,\"height\":90,\"caption\":\"Aesis Conseil\"},\"image\":{\"@id\":\"https:\/\/www.aesis-conseil.com\/#\/schema\/logo\/image\/\"},\"sameAs\":[\"https:\/\/fr-fr.facebook.com\/aesisconseil\",\"https:\/\/x.com\/aesisconseil\",\"https:\/\/www.linkedin.com\/company\/aesis-conseil\",\"https:\/\/www.youtube.com\/@aesisconseil5360\"]}]}<\/script>\n<!-- \/ Yoast SEO plugin. -->","yoast_head_json":{"title":"Contattateci - Aesis Conseil","robots":{"index":"index","follow":"follow","max-snippet":"max-snippet:-1","max-image-preview":"max-image-preview:large","max-video-preview":"max-video-preview:-1"},"canonical":"https:\/\/www.aesis-conseil.com\/it\/contattateci-aesis\/","og_locale":"it_IT","og_type":"article","og_title":"Contattateci - Aesis Conseil","og_url":"https:\/\/www.aesis-conseil.com\/it\/contattateci-aesis\/","og_site_name":"Aesis Conseil","article_publisher":"https:\/\/fr-fr.facebook.com\/aesisconseil","article_modified_time":"2024-02-23T15:21:54+00:00","og_image":[{"width":127,"height":90,"url":"https:\/\/www.aesis-conseil.com\/wp-content\/uploads\/2015\/04\/logo_final_aesis_court.png","type":"image\/png"}],"twitter_card":"summary_large_image","twitter_site":"@aesisconseil","twitter_misc":{"Tempo di lettura stimato":"1 minuto"},"schema":{"@context":"https:\/\/schema.org","@graph":[{"@type":"WebPage","@id":"https:\/\/www.aesis-conseil.com\/it\/contattateci-aesis\/","url":"https:\/\/www.aesis-conseil.com\/it\/contattateci-aesis\/","name":"Contattateci - Aesis Conseil","isPartOf":{"@id":"https:\/\/www.aesis-conseil.com\/#website"},"datePublished":"2014-08-25T12:40:33+00:00","dateModified":"2024-02-23T15:21:54+00:00","breadcrumb":{"@id":"https:\/\/www.aesis-conseil.com\/it\/contattateci-aesis\/#breadcrumb"},"inLanguage":"it-IT","potentialAction":[{"@type":"ReadAction","target":["https:\/\/www.aesis-conseil.com\/it\/contattateci-aesis\/"]}]},{"@type":"BreadcrumbList","@id":"https:\/\/www.aesis-conseil.com\/it\/contattateci-aesis\/#breadcrumb","itemListElement":[{"@type":"ListItem","position":1,"name":"Accueil","item":"https:\/\/www.aesis-conseil.com\/it\/"},{"@type":"ListItem","position":2,"name":"Contattateci"}]},{"@type":"WebSite","@id":"https:\/\/www.aesis-conseil.com\/#website","url":"https:\/\/www.aesis-conseil.com\/","name":"Aesis Conseil","description":"Partenaire dans un monde ouvert","publisher":{"@id":"https:\/\/www.aesis-conseil.com\/#organization"},"potentialAction":[{"@type":"SearchAction","target":{"@type":"EntryPoint","urlTemplate":"https:\/\/www.aesis-conseil.com\/?s={search_term_string}"},"query-input":{"@type":"PropertyValueSpecification","valueRequired":true,"valueName":"search_term_string"}}],"inLanguage":"it-IT"},{"@type":"Organization","@id":"https:\/\/www.aesis-conseil.com\/#organization","name":"Aesis Conseil","url":"https:\/\/www.aesis-conseil.com\/","logo":{"@type":"ImageObject","inLanguage":"it-IT","@id":"https:\/\/www.aesis-conseil.com\/#\/schema\/logo\/image\/","url":"https:\/\/www.aesis-conseil.com\/wp-content\/uploads\/2015\/04\/logo_final_aesis_court.png","contentUrl":"https:\/\/www.aesis-conseil.com\/wp-content\/uploads\/2015\/04\/logo_final_aesis_court.png","width":127,"height":90,"caption":"Aesis Conseil"},"image":{"@id":"https:\/\/www.aesis-conseil.com\/#\/schema\/logo\/image\/"},"sameAs":["https:\/\/fr-fr.facebook.com\/aesisconseil","https:\/\/x.com\/aesisconseil","https:\/\/www.linkedin.com\/company\/aesis-conseil","https:\/\/www.youtube.com\/@aesisconseil5360"]}]}},"_links":{"self":[{"href":"https:\/\/www.aesis-conseil.com\/it\/wp-json\/wp\/v2\/pages\/4961","targetHints":{"allow":["GET"]}}],"collection":[{"href":"https:\/\/www.aesis-conseil.com\/it\/wp-json\/wp\/v2\/pages"}],"about":[{"href":"https:\/\/www.aesis-conseil.com\/it\/wp-json\/wp\/v2\/types\/page"}],"author":[{"embeddable":true,"href":"https:\/\/www.aesis-conseil.com\/it\/wp-json\/wp\/v2\/users\/1"}],"replies":[{"embeddable":true,"href":"https:\/\/www.aesis-conseil.com\/it\/wp-json\/wp\/v2\/comments?post=4961"}],"version-history":[{"count":2,"href":"https:\/\/www.aesis-conseil.com\/it\/wp-json\/wp\/v2\/pages\/4961\/revisions"}],"predecessor-version":[{"id":7280,"href":"https:\/\/www.aesis-conseil.com\/it\/wp-json\/wp\/v2\/pages\/4961\/revisions\/7280"}],"wp:attachment":[{"href":"https:\/\/www.aesis-conseil.com\/it\/wp-json\/wp\/v2\/media?parent=4961"}],"curies":[{"name":"wp","href":"https:\/\/api.w.org\/{rel}","templated":true}]}}