{"id":4954,"date":"2019-02-12T14:52:37","date_gmt":"2019-02-12T13:52:37","guid":{"rendered":"https:\/\/www.aesis-conseil.com\/?page_id=4954"},"modified":"2022-12-13T16:41:42","modified_gmt":"2022-12-13T15:41:42","slug":"contatti","status":"publish","type":"page","link":"https:\/\/www.aesis-conseil.com\/it\/contatti\/","title":{"rendered":"Contatti"},"content":{"rendered":"<section id=\"\"  class=\"light\"> <div class=\"container\">  <div class=\"row\"><div class=\"col-md-4  text-default\" ><div class=\"service_teaser vertical\"><div class=\"service_photo\"><a href=\"https:\/\/www.aesis-conseil.com\/it\/webkiosk\/terminali-pubblici\/\" title=\"Webkiosk\" target=\"\"><figure style=\"background-image:url(https:\/\/www.aesis-conseil.com\/wp-content\/uploads\/2020\/04\/Image-WebKiosk-RVB-1527x550-web-4.jpg)\"><\/figure><\/a><\/div><div class=\"service_details\"><h2>Webkiosk<\/h2><p style=\"text-align: center;\"><a href=\"\/it\/contattateci-aesis\/\"><button class=\"btn btn-lg btn-demo-wk center-block\">Demo<\/button><\/a> <a href=\"\/it\/webkiosk\/preventivi-terminali-pubblici\/\"><button class=\"btn btn-lg btn-devis-wk center-block\">Preventivo<\/button><\/a><\/p>\n<\/div><\/div><\/div><div class=\"col-md-4  text-default\" ><div class=\"service_teaser vertical\"><div class=\"service_photo\"><a href=\"https:\/\/www.aesis-conseil.com\/it\/contattateci-aesis\/\" title=\"\" target=\"\"><figure style=\"background-image:url(https:\/\/www.aesis-conseil.com\/wp-content\/uploads\/2017\/04\/contact.jpg)\"><\/figure><\/a><\/div><div class=\"service_details\"><h2>Contatti<\/h2><p style=\"text-align: center;\"><a href=\"\/it\/contattateci-aesis\/\" target=\"_blank\" rel=\"noopener noreferrer\"><button class=\"btn btn-lg btn-folio center-block btn-contact\">Contattateci<\/button><\/a><\/p>\n<\/div><\/div><\/div><div class=\"col-md-4  text-default\" ><div class=\"team_member office_address\"><img decoding=\"async\" src=\"https:\/\/www.aesis-conseil.com\/wp-content\/uploads\/2015\/04\/logo_final_aesis_court.png\"  alt=\"\"><small><\/small><br><br><p>AESIS Conseil SARL<br \/>\nParc de l\u2019Arboretum, imm. A1<br \/>\n73 rue de Saint-Mandrier<br \/>\nZ.A. de la Millonne<br \/>\n83140 Six-Fours &#8211; France<\/p>\n<p>T\u00e9l.: +33 (0)4 89 81 43 43<\/p>\n<\/div><\/div>  <\/div>  <\/div><\/section><section id=\"\"  class=\"light\"> <div class=\"container\">  <div class=\"row\"><div class=\"col-md-12  text-default\" >[vc_separator][vc_column_text el_class=&#8221;cnil&#8221;]Le informazioni raccolte sono soggette ad un trattamento informatico per migliorare i servizi resi ai nostri clienti e prospetti. Il destinatario dei dati \u00e8 la societ\u00e0 Aesis Conseil SARL. In conformit\u00e0 con la legge &#8220;Informatique et Libert\u00e9s&#8221; (protezione dei dati)\u00a0 del 6 gennaio 1978 emendata nel 2004, avete il diritto di accedere e correggere le informazioni che vi riguardano, inviando una mail all&#8217;indirizzo cnil &lt;chioccolina&gt; aesis-conseil &lt;punto&gt; com.[\/vc_column_text]<\/div>  <\/div>  <\/div><\/section>\n","protected":false},"excerpt":{"rendered":"WebkioskDemo Preventivo ContattiContattateci AESIS Conseil SARL Parc de l\u2019Arboretum, imm. A1 73 rue de Saint-Mandrier Z.A. de la Millonne 83140 Six-Fours - France T\u00e9l.: +33 (0)4 89 81 43 43 [vc_separator][vc_column_text el_class=\"cnil\"]Le informazioni raccolte sono soggette ad un trattamento informatico per migliorare i servizi resi ai nostri clienti e prospetti. Il destinatario dei dati \u00e8 [...]<a target=\"_blank\" href=\"https:\/\/www.aesis-conseil.com\/it\/contatti\/\"> Lire la suite<\/a>","protected":false},"author":3,"featured_media":0,"parent":0,"menu_order":0,"comment_status":"closed","ping_status":"closed","template":"","meta":{"footnotes":""},"class_list":["post-4954","page","type-page","status-publish","hentry"],"yoast_head":"<!-- This site is optimized with the Yoast SEO plugin v27.4 - https:\/\/yoast.com\/product\/yoast-seo-wordpress\/ -->\n<title>Contatti - Aesis Conseil<\/title>\n<meta name=\"robots\" content=\"index, follow, max-snippet:-1, max-image-preview:large, max-video-preview:-1\" \/>\n<link rel=\"canonical\" href=\"https:\/\/www.aesis-conseil.com\/it\/contatti\/\" \/>\n<meta property=\"og:locale\" content=\"it_IT\" \/>\n<meta property=\"og:type\" content=\"article\" \/>\n<meta property=\"og:title\" content=\"Contatti - Aesis Conseil\" \/>\n<meta property=\"og:url\" content=\"https:\/\/www.aesis-conseil.com\/it\/contatti\/\" \/>\n<meta property=\"og:site_name\" content=\"Aesis Conseil\" \/>\n<meta property=\"article:publisher\" content=\"https:\/\/fr-fr.facebook.com\/aesisconseil\" \/>\n<meta property=\"article:modified_time\" content=\"2022-12-13T15:41:42+00:00\" \/>\n<meta property=\"og:image\" content=\"https:\/\/www.aesis-conseil.com\/wp-content\/uploads\/2015\/04\/logo_final_aesis_court.png\" \/>\n\t<meta property=\"og:image:width\" content=\"127\" \/>\n\t<meta property=\"og:image:height\" content=\"90\" \/>\n\t<meta property=\"og:image:type\" content=\"image\/png\" \/>\n<meta name=\"twitter:card\" content=\"summary_large_image\" \/>\n<meta name=\"twitter:site\" content=\"@aesisconseil\" \/>\n<meta name=\"twitter:label1\" content=\"Tempo di lettura stimato\" \/>\n\t<meta name=\"twitter:data1\" content=\"1 minuto\" \/>\n<script type=\"application\/ld+json\" class=\"yoast-schema-graph\">{\"@context\":\"https:\\\/\\\/schema.org\",\"@graph\":[{\"@type\":\"WebPage\",\"@id\":\"https:\\\/\\\/www.aesis-conseil.com\\\/it\\\/contatti\\\/\",\"url\":\"https:\\\/\\\/www.aesis-conseil.com\\\/it\\\/contatti\\\/\",\"name\":\"Contatti - Aesis Conseil\",\"isPartOf\":{\"@id\":\"https:\\\/\\\/www.aesis-conseil.com\\\/#website\"},\"datePublished\":\"2019-02-12T13:52:37+00:00\",\"dateModified\":\"2022-12-13T15:41:42+00:00\",\"breadcrumb\":{\"@id\":\"https:\\\/\\\/www.aesis-conseil.com\\\/it\\\/contatti\\\/#breadcrumb\"},\"inLanguage\":\"it-IT\",\"potentialAction\":[{\"@type\":\"ReadAction\",\"target\":[\"https:\\\/\\\/www.aesis-conseil.com\\\/it\\\/contatti\\\/\"]}]},{\"@type\":\"BreadcrumbList\",\"@id\":\"https:\\\/\\\/www.aesis-conseil.com\\\/it\\\/contatti\\\/#breadcrumb\",\"itemListElement\":[{\"@type\":\"ListItem\",\"position\":1,\"name\":\"Accueil\",\"item\":\"https:\\\/\\\/www.aesis-conseil.com\\\/it\\\/\"},{\"@type\":\"ListItem\",\"position\":2,\"name\":\"Contatti\"}]},{\"@type\":\"WebSite\",\"@id\":\"https:\\\/\\\/www.aesis-conseil.com\\\/#website\",\"url\":\"https:\\\/\\\/www.aesis-conseil.com\\\/\",\"name\":\"Aesis Conseil\",\"description\":\"Partenaire dans un monde ouvert\",\"publisher\":{\"@id\":\"https:\\\/\\\/www.aesis-conseil.com\\\/#organization\"},\"potentialAction\":[{\"@type\":\"SearchAction\",\"target\":{\"@type\":\"EntryPoint\",\"urlTemplate\":\"https:\\\/\\\/www.aesis-conseil.com\\\/?s={search_term_string}\"},\"query-input\":{\"@type\":\"PropertyValueSpecification\",\"valueRequired\":true,\"valueName\":\"search_term_string\"}}],\"inLanguage\":\"it-IT\"},{\"@type\":\"Organization\",\"@id\":\"https:\\\/\\\/www.aesis-conseil.com\\\/#organization\",\"name\":\"Aesis Conseil\",\"url\":\"https:\\\/\\\/www.aesis-conseil.com\\\/\",\"logo\":{\"@type\":\"ImageObject\",\"inLanguage\":\"it-IT\",\"@id\":\"https:\\\/\\\/www.aesis-conseil.com\\\/#\\\/schema\\\/logo\\\/image\\\/\",\"url\":\"https:\\\/\\\/www.aesis-conseil.com\\\/wp-content\\\/uploads\\\/2015\\\/04\\\/logo_final_aesis_court.png\",\"contentUrl\":\"https:\\\/\\\/www.aesis-conseil.com\\\/wp-content\\\/uploads\\\/2015\\\/04\\\/logo_final_aesis_court.png\",\"width\":127,\"height\":90,\"caption\":\"Aesis Conseil\"},\"image\":{\"@id\":\"https:\\\/\\\/www.aesis-conseil.com\\\/#\\\/schema\\\/logo\\\/image\\\/\"},\"sameAs\":[\"https:\\\/\\\/fr-fr.facebook.com\\\/aesisconseil\",\"https:\\\/\\\/x.com\\\/aesisconseil\",\"https:\\\/\\\/www.linkedin.com\\\/company\\\/aesis-conseil\",\"https:\\\/\\\/www.youtube.com\\\/@aesisconseil5360\"]}]}<\/script>\n<!-- \/ Yoast SEO plugin. -->","yoast_head_json":{"title":"Contatti - Aesis Conseil","robots":{"index":"index","follow":"follow","max-snippet":"max-snippet:-1","max-image-preview":"max-image-preview:large","max-video-preview":"max-video-preview:-1"},"canonical":"https:\/\/www.aesis-conseil.com\/it\/contatti\/","og_locale":"it_IT","og_type":"article","og_title":"Contatti - Aesis Conseil","og_url":"https:\/\/www.aesis-conseil.com\/it\/contatti\/","og_site_name":"Aesis Conseil","article_publisher":"https:\/\/fr-fr.facebook.com\/aesisconseil","article_modified_time":"2022-12-13T15:41:42+00:00","og_image":[{"width":127,"height":90,"url":"https:\/\/www.aesis-conseil.com\/wp-content\/uploads\/2015\/04\/logo_final_aesis_court.png","type":"image\/png"}],"twitter_card":"summary_large_image","twitter_site":"@aesisconseil","twitter_misc":{"Tempo di lettura stimato":"1 minuto"},"schema":{"@context":"https:\/\/schema.org","@graph":[{"@type":"WebPage","@id":"https:\/\/www.aesis-conseil.com\/it\/contatti\/","url":"https:\/\/www.aesis-conseil.com\/it\/contatti\/","name":"Contatti - Aesis Conseil","isPartOf":{"@id":"https:\/\/www.aesis-conseil.com\/#website"},"datePublished":"2019-02-12T13:52:37+00:00","dateModified":"2022-12-13T15:41:42+00:00","breadcrumb":{"@id":"https:\/\/www.aesis-conseil.com\/it\/contatti\/#breadcrumb"},"inLanguage":"it-IT","potentialAction":[{"@type":"ReadAction","target":["https:\/\/www.aesis-conseil.com\/it\/contatti\/"]}]},{"@type":"BreadcrumbList","@id":"https:\/\/www.aesis-conseil.com\/it\/contatti\/#breadcrumb","itemListElement":[{"@type":"ListItem","position":1,"name":"Accueil","item":"https:\/\/www.aesis-conseil.com\/it\/"},{"@type":"ListItem","position":2,"name":"Contatti"}]},{"@type":"WebSite","@id":"https:\/\/www.aesis-conseil.com\/#website","url":"https:\/\/www.aesis-conseil.com\/","name":"Aesis Conseil","description":"Partenaire dans un monde ouvert","publisher":{"@id":"https:\/\/www.aesis-conseil.com\/#organization"},"potentialAction":[{"@type":"SearchAction","target":{"@type":"EntryPoint","urlTemplate":"https:\/\/www.aesis-conseil.com\/?s={search_term_string}"},"query-input":{"@type":"PropertyValueSpecification","valueRequired":true,"valueName":"search_term_string"}}],"inLanguage":"it-IT"},{"@type":"Organization","@id":"https:\/\/www.aesis-conseil.com\/#organization","name":"Aesis Conseil","url":"https:\/\/www.aesis-conseil.com\/","logo":{"@type":"ImageObject","inLanguage":"it-IT","@id":"https:\/\/www.aesis-conseil.com\/#\/schema\/logo\/image\/","url":"https:\/\/www.aesis-conseil.com\/wp-content\/uploads\/2015\/04\/logo_final_aesis_court.png","contentUrl":"https:\/\/www.aesis-conseil.com\/wp-content\/uploads\/2015\/04\/logo_final_aesis_court.png","width":127,"height":90,"caption":"Aesis Conseil"},"image":{"@id":"https:\/\/www.aesis-conseil.com\/#\/schema\/logo\/image\/"},"sameAs":["https:\/\/fr-fr.facebook.com\/aesisconseil","https:\/\/x.com\/aesisconseil","https:\/\/www.linkedin.com\/company\/aesis-conseil","https:\/\/www.youtube.com\/@aesisconseil5360"]}]}},"_links":{"self":[{"href":"https:\/\/www.aesis-conseil.com\/it\/wp-json\/wp\/v2\/pages\/4954","targetHints":{"allow":["GET"]}}],"collection":[{"href":"https:\/\/www.aesis-conseil.com\/it\/wp-json\/wp\/v2\/pages"}],"about":[{"href":"https:\/\/www.aesis-conseil.com\/it\/wp-json\/wp\/v2\/types\/page"}],"author":[{"embeddable":true,"href":"https:\/\/www.aesis-conseil.com\/it\/wp-json\/wp\/v2\/users\/3"}],"replies":[{"embeddable":true,"href":"https:\/\/www.aesis-conseil.com\/it\/wp-json\/wp\/v2\/comments?post=4954"}],"version-history":[{"count":1,"href":"https:\/\/www.aesis-conseil.com\/it\/wp-json\/wp\/v2\/pages\/4954\/revisions"}],"predecessor-version":[{"id":7126,"href":"https:\/\/www.aesis-conseil.com\/it\/wp-json\/wp\/v2\/pages\/4954\/revisions\/7126"}],"wp:attachment":[{"href":"https:\/\/www.aesis-conseil.com\/it\/wp-json\/wp\/v2\/media?parent=4954"}],"curies":[{"name":"wp","href":"https:\/\/api.w.org\/{rel}","templated":true}]}}