{"id":4769,"date":"2015-04-28T15:59:28","date_gmt":"2015-04-28T14:59:28","guid":{"rendered":"https:\/\/www.aesis-conseil.com\/presentation\/"},"modified":"2019-02-07T16:10:21","modified_gmt":"2019-02-07T15:10:21","slug":"chi_siamo","status":"publish","type":"page","link":"https:\/\/www.aesis-conseil.com\/it\/chi-siamo\/chi_siamo\/","title":{"rendered":"Chi siamo"},"content":{"rendered":"<section id=\"\"  class=\"light\"> <div class=\"container\">  <div class=\"row\"><div class=\"col-md-4  text-default\" >[vc_single_image image=&#8221;4772&#8243; img_size=&#8221;full&#8221; el_class=&#8221;&#8221;]<\/div><div class=\"col-md-8  text-default\" >[vc_column_text]<\/p>\n<p style=\"text-align: left;\">Aesis Conseil \u00e8 una societ\u00e0 di ingegneria informatica. La sua attivit\u00e0 principale \u00e8 <strong>l&#8217;integrazione, la diffusione e l&#8217;uso del software libero<\/strong>\u00a0(o Open Source).<\/p>\n<p style=\"text-align: left;\">Fondata nel 2003 da due soci con forti competenze tecniche, <strong>la societ\u00e0 ha una vasta esperienza nella creazione e nel successivo sviluppo di soluzioni specializzate<\/strong> che realizza con l&#8217;aiuto dei suoi dieci dipendenti.<\/p>\n<p style=\"text-align: left;\">Aesis Conseil \u00e8 nata dalla volont\u00e0 dei suoi fondatori di dimostrare che oggi \u00e8 possibile, nel campo informatico, <strong>lavorare in modo diverso<\/strong>,\u00a0pi\u00f9\u00a0<strong>efficace<\/strong>\u00a0e <strong>libero dai vincoli<\/strong> imposti da alcuni editori.<\/p>\n<p style=\"text-align: left;\">Grazie al nostro\u00a0<strong>approccio multi-competenze<\/strong>, siamo in grado di abbracciare tutte le aree del sistema informativo e di rispondere alle Vostre necessit\u00e0 supportandovi in modo costante tramite:<\/p>\n<ul>\n<li style=\"text-align: left;\"><strong>L\u2019audit e la consulenza<\/strong>, il primo passo per studiare le esigenze specifiche e trovare le soluzioni migliori per la vostra azienda, cosi da far evolvere il vostro sistema informatico.<\/li>\n<li style=\"text-align: left;\"><strong>L&#8217;integrazione di nuove soluzioni nella vostra attuale infrastruttura informatica:\u00a0<\/strong>perch\u00e9 non sempre \u00e8 possibile o necessario cambiare tutto, siamo in grado di utilizzare e migliorare il vostro materiale, sia come strumentazioni tecniche sia supportando il vostro personale.<\/li>\n<li style=\"text-align: left;\"><strong>Lo sviluppo di applicazioni\u00a0<\/strong>adeguate alle vostre esigenze che tengano conto delle specificit\u00e0 della vostra attivit\u00e0 e della vostra azienda.<\/li>\n<li style=\"text-align: left;\"><strong>Il supporto e la disponibilit\u00e0<\/strong> di Aesis per offrirvi nuove soluzioni, risolvere i problemi, ottimizzare ulteriormente gli strumenti gi\u00e0 in vostro possesso e e aiutarvi nel loro utilizzo, durante tutto il loro sviluppo.<\/li>\n<li style=\"text-align: left;\"><strong>La formazione del vostro personale<\/strong> per conoscere perfettamente gli strumenti utili al vostro lavoro e darvi l&#8217;opportunit\u00e0 di seguirne l\u2019evoluzione, aggiornando le vostre competenze.<\/li>\n<\/ul>\n<p>[\/vc_column_text]<\/div>  <\/div>  <\/div><\/section><section id=\"\"  class=\"dark_section parallax\" style=\"background-image:url(https:\/\/www.aesis-conseil.com\/wp-content\/uploads\/2015\/11\/appareil-aesis1.jpg); background-size:cover;\"> <div class=\"container\">  <div class=\"row\"><h2 class=\"section_header fancy centered\">La nostra politica di Responsabilit\u00e0 sociale d\u2019impresa (Corporate Social Responsibility)<small>La politica di responsabilit\u00e0 sociale all'interno di Aesis Conseil si articola attraverso le seguenti azioni :<\/small><\/h2><div class=\"col-md-12  text-default\" >[vc_column_text]<\/p>\n<ul>\n<li><strong>Relazioni e condizioni di lavoro (ticket ristorante, telelavoro, flessibilit\u00e0 degli orari di lavoro, presa in carico del trasporto pubblico, bonus \u2026);<\/strong><\/li>\n<li><strong>Dialogo sociale: i dipendenti sono spesso coinvolti nel processo decisionale;<\/strong><\/li>\n<li><strong>Rispetto dell&#8217;ambiente (eco-design del software, raccolta differenziata di carta, plastica, \u2026);<\/strong><\/li>\n<li><strong>Sviluppo regionale (partnerships con imprese locali e associazioni di quartiere, \u2026);<\/strong><\/li>\n<li><strong>Creazione di posti di lavoro e sviluppo delle competenze attraverso corsi di formazione e di aggiornamento;<\/strong><\/li>\n<li><strong>Donazioni a associazioni sportive;<\/strong><\/li>\n<\/ul>\n<p>[\/vc_column_text]<\/div>  <\/div>  <\/div><\/section><section id=\"\"  class=\"light parallax\"> <div class=\"container\">  <div class=\"row\"><h2 class=\"section_header fancy centered\">LE NOSTRE PARTNERSHIP<small>Impegni e riconoscimenti<\/small><\/h2><div class=\"col-md-4  text-default\" ><div class=\"service_teaser vertical\"><div class=\"service_photo\"><figure style=\"background-image:url(https:\/\/www.aesis-conseil.com\/wp-content\/uploads\/2015\/06\/entreprise-solidaire.png)\"><\/figure><\/div><div class=\"service_details\"><h2>Azienda solidale<\/h2><p>Nel 2014 Aesis Conseil ha ottenuto la certificazione di &#8220;societ\u00e0 solidale&#8221;, riconosciuta a quelle societ\u00e0 che cercano di conciliare attivit\u00e0 economica e utilit\u00e0 sociale.<\/p>\n<\/div><\/div><\/div><div class=\"col-md-4  text-default\" ><div class=\"service_teaser vertical\"><div class=\"service_photo\"><figure style=\"background-image:url(https:\/\/www.aesis-conseil.com\/wp-content\/uploads\/2015\/06\/entreprises-quartiers-e1445353139695.png)\"><\/figure><\/div><div class=\"service_details\"><h2>Aziende e Quartieri<\/h2><p>Aesis Conseil ha firmato la carta &#8220;Aziende &amp; Quartieri&#8221; e si impegna a promuovere lo sviluppo economico, sociale e culturale dei quartieri popolari.<\/p>\n<\/div><\/div><\/div><div class=\"col-md-4  text-default\" ><div class=\"service_teaser vertical\"><div class=\"service_photo\"><figure style=\"background-image:url(https:\/\/www.aesis-conseil.com\/wp-content\/uploads\/2015\/06\/logo-miaj.png)\"><\/figure><\/div><div class=\"service_details\"><h2>MIAJ<\/h2><p>La firma di una partnership con la Missione locale (MIAJ) consente di accogliere i giovani in cerca di un percorso professionale.<\/p>\n<\/div><\/div><\/div>  <\/div>  <\/div><\/section><section id=\"\"  class=\"dark_section parallax\" style=\"background-image:url(https:\/\/www.aesis-conseil.com\/wp-content\/uploads\/2015\/11\/clavier-aesis.jpg); background-size:cover;\"> <div class=\"container\">  <div class=\"row\"><h2 class=\"section_header fancy centered\">I nostri principi<\/h2><div class=\"col-md-12  text-default\" >[vc_column_text]<\/p>\n<ul>\n<li><strong>Utilizzare software gratuito in aree in cui sono efficienti e affidabili.<\/strong><\/li>\n<li><strong>Fornire ai nostri clienti un guadagno significativo sulle licenze e quindi sul costo dell&#8217;infrastruttura IT.<\/strong><\/li>\n<li><strong>Utilizzare le migliori soluzioni del settore se nessuna di quelle gratuite \u00e8 in grado si soddisfare le vostre esigenze.<\/strong><\/li>\n<li><strong>Fornire ai nostri clienti consulenza indipendente da qualsiasi editore o produttore di computer.<\/strong><\/li>\n<\/ul>\n<p>[\/vc_column_text]<\/div>  <\/div>  <\/div><\/section><section id=\"\"  class=\"light\">  <div class=\"container triangles-of-section\">    <div class=\"triangle-up-left\"><\/div>    <div class=\"square-left\"><\/div>    <div class=\"triangle-up-right\"><\/div>    <div class=\"square-right\"><\/div>  <\/div> <div class=\"container\">  <div class=\"row\"><h2 class=\"section_header fancy centered\">Aesis garantisce<\/h2><div class=\"col-md-3  text-default\" ><div class='feature_teaser'>\n  <img alt='Aesis conseil s'engage partage' src='https:\/\/www.aesis-conseil.com\/wp-content\/uploads\/2015\/06\/aesis-s-engage-partage.png'>\n  <h3>CONDIVISIONE<\/h3>\n<p>della conoscenza aderendo alla filosofia del software libero.<\/p>\n\n<\/div><\/div><div class=\"col-md-3  text-default\" ><div class='feature_teaser'>\n  <img alt='Aesis conseil s'engage respect' src='https:\/\/www.aesis-conseil.com\/wp-content\/uploads\/2015\/06\/aesis-s-engage-respect.png'>\n  <h3>RISPETTO<\/h3>\n<p>onest\u00e0 e solidariet\u00e0 con i nostri clienti, dipendenti e partners.<\/p>\n\n<\/div><\/div><div class=\"col-md-3  text-default\" ><div class='feature_teaser'>\n  <img alt='Aesis conseil s'engage protection' src='https:\/\/www.aesis-conseil.com\/wp-content\/uploads\/2015\/06\/aesis-s-engage-protection.png'>\n  <h3>RISERVATEZZA<\/h3>\n<p>e protezione di tutte le informazioni sensibili dei vostri collaboratori e clienti.<\/p>\n\n<\/div><\/div><div class=\"col-md-3  text-default\" ><div class='feature_teaser'>\n  <img alt='Aesis conseil s'engage \u00e9cologie' src='https:\/\/www.aesis-conseil.com\/wp-content\/uploads\/2015\/06\/aesis-s-engage-ecologie.png'>\n  <h3>ECO-PARTECIPAZIONE<\/h3>\n<p>con l&#8217;adesione a una politica di sviluppo del software eco-responsabile.<\/p>\n\n<\/div><\/div>  <\/div>  <\/div><\/section>\n","protected":false},"excerpt":{"rendered":"[vc_single_image image=\"4772\" img_size=\"full\" el_class=\"\"][vc_column_text] Aesis Conseil \u00e8 una societ\u00e0 di ingegneria informatica. La sua attivit\u00e0 principale \u00e8 l'integrazione, la diffusione e l'uso del software libero\u00a0(o Open Source). Fondata nel 2003 da due soci con forti competenze tecniche, la societ\u00e0 ha una vasta esperienza nella creazione e nel successivo sviluppo di soluzioni specializzate che realizza con [...]<a target=\"_blank\" href=\"https:\/\/www.aesis-conseil.com\/it\/chi-siamo\/chi_siamo\/\"> Lire la suite<\/a>","protected":false},"author":2,"featured_media":3136,"parent":4935,"menu_order":0,"comment_status":"closed","ping_status":"open","template":"","meta":{"footnotes":""},"class_list":["post-4769","page","type-page","status-publish","has-post-thumbnail","hentry"],"yoast_head":"<!-- This site is optimized with the Yoast SEO plugin v27.5 - https:\/\/yoast.com\/product\/yoast-seo-wordpress\/ -->\n<title>Chi siamo - Aesis Conseil<\/title>\n<meta name=\"robots\" content=\"index, follow, max-snippet:-1, max-image-preview:large, max-video-preview:-1\" \/>\n<link rel=\"canonical\" href=\"https:\/\/www.aesis-conseil.com\/it\/chi-siamo\/chi_siamo\/\" \/>\n<meta property=\"og:locale\" content=\"it_IT\" \/>\n<meta property=\"og:type\" content=\"article\" \/>\n<meta property=\"og:title\" content=\"Chi siamo - Aesis Conseil\" \/>\n<meta property=\"og:url\" content=\"https:\/\/www.aesis-conseil.com\/it\/chi-siamo\/chi_siamo\/\" \/>\n<meta property=\"og:site_name\" content=\"Aesis Conseil\" \/>\n<meta property=\"article:publisher\" content=\"https:\/\/fr-fr.facebook.com\/aesisconseil\" \/>\n<meta property=\"article:modified_time\" content=\"2019-02-07T15:10:21+00:00\" \/>\n<meta property=\"og:image\" content=\"https:\/\/www.aesis-conseil.com\/wp-content\/uploads\/2015\/11\/smartphone-aesis-conseil1.jpg\" \/>\n\t<meta property=\"og:image:width\" content=\"1910\" \/>\n\t<meta property=\"og:image:height\" content=\"560\" \/>\n\t<meta property=\"og:image:type\" content=\"image\/jpeg\" \/>\n<meta name=\"twitter:card\" content=\"summary_large_image\" \/>\n<meta name=\"twitter:site\" content=\"@aesisconseil\" \/>\n<meta name=\"twitter:label1\" content=\"Tempo di lettura stimato\" \/>\n\t<meta name=\"twitter:data1\" content=\"4 minuti\" \/>\n<script type=\"application\/ld+json\" class=\"yoast-schema-graph\">{\"@context\":\"https:\\\/\\\/schema.org\",\"@graph\":[{\"@type\":\"WebPage\",\"@id\":\"https:\\\/\\\/www.aesis-conseil.com\\\/it\\\/chi-siamo\\\/chi_siamo\\\/\",\"url\":\"https:\\\/\\\/www.aesis-conseil.com\\\/it\\\/chi-siamo\\\/chi_siamo\\\/\",\"name\":\"Chi siamo - Aesis Conseil\",\"isPartOf\":{\"@id\":\"https:\\\/\\\/www.aesis-conseil.com\\\/#website\"},\"primaryImageOfPage\":{\"@id\":\"https:\\\/\\\/www.aesis-conseil.com\\\/it\\\/chi-siamo\\\/chi_siamo\\\/#primaryimage\"},\"image\":{\"@id\":\"https:\\\/\\\/www.aesis-conseil.com\\\/it\\\/chi-siamo\\\/chi_siamo\\\/#primaryimage\"},\"thumbnailUrl\":\"https:\\\/\\\/www.aesis-conseil.com\\\/wp-content\\\/uploads\\\/2015\\\/11\\\/smartphone-aesis-conseil1.jpg\",\"datePublished\":\"2015-04-28T14:59:28+00:00\",\"dateModified\":\"2019-02-07T15:10:21+00:00\",\"breadcrumb\":{\"@id\":\"https:\\\/\\\/www.aesis-conseil.com\\\/it\\\/chi-siamo\\\/chi_siamo\\\/#breadcrumb\"},\"inLanguage\":\"it-IT\",\"potentialAction\":[{\"@type\":\"ReadAction\",\"target\":[\"https:\\\/\\\/www.aesis-conseil.com\\\/it\\\/chi-siamo\\\/chi_siamo\\\/\"]}]},{\"@type\":\"ImageObject\",\"inLanguage\":\"it-IT\",\"@id\":\"https:\\\/\\\/www.aesis-conseil.com\\\/it\\\/chi-siamo\\\/chi_siamo\\\/#primaryimage\",\"url\":\"https:\\\/\\\/www.aesis-conseil.com\\\/wp-content\\\/uploads\\\/2015\\\/11\\\/smartphone-aesis-conseil1.jpg\",\"contentUrl\":\"https:\\\/\\\/www.aesis-conseil.com\\\/wp-content\\\/uploads\\\/2015\\\/11\\\/smartphone-aesis-conseil1.jpg\",\"width\":1910,\"height\":560,\"caption\":\"smartphone aesis-conseil\"},{\"@type\":\"BreadcrumbList\",\"@id\":\"https:\\\/\\\/www.aesis-conseil.com\\\/it\\\/chi-siamo\\\/chi_siamo\\\/#breadcrumb\",\"itemListElement\":[{\"@type\":\"ListItem\",\"position\":1,\"name\":\"Accueil\",\"item\":\"https:\\\/\\\/www.aesis-conseil.com\\\/it\\\/\"},{\"@type\":\"ListItem\",\"position\":2,\"name\":\"Chi Siamo\",\"item\":\"https:\\\/\\\/www.aesis-conseil.com\\\/it\\\/chi-siamo\\\/\"},{\"@type\":\"ListItem\",\"position\":3,\"name\":\"Chi siamo\"}]},{\"@type\":\"WebSite\",\"@id\":\"https:\\\/\\\/www.aesis-conseil.com\\\/#website\",\"url\":\"https:\\\/\\\/www.aesis-conseil.com\\\/\",\"name\":\"Aesis Conseil\",\"description\":\"Partenaire dans un monde ouvert\",\"publisher\":{\"@id\":\"https:\\\/\\\/www.aesis-conseil.com\\\/#organization\"},\"potentialAction\":[{\"@type\":\"SearchAction\",\"target\":{\"@type\":\"EntryPoint\",\"urlTemplate\":\"https:\\\/\\\/www.aesis-conseil.com\\\/?s={search_term_string}\"},\"query-input\":{\"@type\":\"PropertyValueSpecification\",\"valueRequired\":true,\"valueName\":\"search_term_string\"}}],\"inLanguage\":\"it-IT\"},{\"@type\":\"Organization\",\"@id\":\"https:\\\/\\\/www.aesis-conseil.com\\\/#organization\",\"name\":\"Aesis Conseil\",\"url\":\"https:\\\/\\\/www.aesis-conseil.com\\\/\",\"logo\":{\"@type\":\"ImageObject\",\"inLanguage\":\"it-IT\",\"@id\":\"https:\\\/\\\/www.aesis-conseil.com\\\/#\\\/schema\\\/logo\\\/image\\\/\",\"url\":\"https:\\\/\\\/www.aesis-conseil.com\\\/wp-content\\\/uploads\\\/2015\\\/04\\\/logo_final_aesis_court.png\",\"contentUrl\":\"https:\\\/\\\/www.aesis-conseil.com\\\/wp-content\\\/uploads\\\/2015\\\/04\\\/logo_final_aesis_court.png\",\"width\":127,\"height\":90,\"caption\":\"Aesis Conseil\"},\"image\":{\"@id\":\"https:\\\/\\\/www.aesis-conseil.com\\\/#\\\/schema\\\/logo\\\/image\\\/\"},\"sameAs\":[\"https:\\\/\\\/fr-fr.facebook.com\\\/aesisconseil\",\"https:\\\/\\\/x.com\\\/aesisconseil\",\"https:\\\/\\\/www.linkedin.com\\\/company\\\/aesis-conseil\",\"https:\\\/\\\/www.youtube.com\\\/@aesisconseil5360\"]}]}<\/script>\n<!-- \/ Yoast SEO plugin. -->","yoast_head_json":{"title":"Chi siamo - Aesis Conseil","robots":{"index":"index","follow":"follow","max-snippet":"max-snippet:-1","max-image-preview":"max-image-preview:large","max-video-preview":"max-video-preview:-1"},"canonical":"https:\/\/www.aesis-conseil.com\/it\/chi-siamo\/chi_siamo\/","og_locale":"it_IT","og_type":"article","og_title":"Chi siamo - Aesis Conseil","og_url":"https:\/\/www.aesis-conseil.com\/it\/chi-siamo\/chi_siamo\/","og_site_name":"Aesis Conseil","article_publisher":"https:\/\/fr-fr.facebook.com\/aesisconseil","article_modified_time":"2019-02-07T15:10:21+00:00","og_image":[{"width":1910,"height":560,"url":"https:\/\/www.aesis-conseil.com\/wp-content\/uploads\/2015\/11\/smartphone-aesis-conseil1.jpg","type":"image\/jpeg"}],"twitter_card":"summary_large_image","twitter_site":"@aesisconseil","twitter_misc":{"Tempo di lettura stimato":"4 minuti"},"schema":{"@context":"https:\/\/schema.org","@graph":[{"@type":"WebPage","@id":"https:\/\/www.aesis-conseil.com\/it\/chi-siamo\/chi_siamo\/","url":"https:\/\/www.aesis-conseil.com\/it\/chi-siamo\/chi_siamo\/","name":"Chi siamo - Aesis Conseil","isPartOf":{"@id":"https:\/\/www.aesis-conseil.com\/#website"},"primaryImageOfPage":{"@id":"https:\/\/www.aesis-conseil.com\/it\/chi-siamo\/chi_siamo\/#primaryimage"},"image":{"@id":"https:\/\/www.aesis-conseil.com\/it\/chi-siamo\/chi_siamo\/#primaryimage"},"thumbnailUrl":"https:\/\/www.aesis-conseil.com\/wp-content\/uploads\/2015\/11\/smartphone-aesis-conseil1.jpg","datePublished":"2015-04-28T14:59:28+00:00","dateModified":"2019-02-07T15:10:21+00:00","breadcrumb":{"@id":"https:\/\/www.aesis-conseil.com\/it\/chi-siamo\/chi_siamo\/#breadcrumb"},"inLanguage":"it-IT","potentialAction":[{"@type":"ReadAction","target":["https:\/\/www.aesis-conseil.com\/it\/chi-siamo\/chi_siamo\/"]}]},{"@type":"ImageObject","inLanguage":"it-IT","@id":"https:\/\/www.aesis-conseil.com\/it\/chi-siamo\/chi_siamo\/#primaryimage","url":"https:\/\/www.aesis-conseil.com\/wp-content\/uploads\/2015\/11\/smartphone-aesis-conseil1.jpg","contentUrl":"https:\/\/www.aesis-conseil.com\/wp-content\/uploads\/2015\/11\/smartphone-aesis-conseil1.jpg","width":1910,"height":560,"caption":"smartphone aesis-conseil"},{"@type":"BreadcrumbList","@id":"https:\/\/www.aesis-conseil.com\/it\/chi-siamo\/chi_siamo\/#breadcrumb","itemListElement":[{"@type":"ListItem","position":1,"name":"Accueil","item":"https:\/\/www.aesis-conseil.com\/it\/"},{"@type":"ListItem","position":2,"name":"Chi Siamo","item":"https:\/\/www.aesis-conseil.com\/it\/chi-siamo\/"},{"@type":"ListItem","position":3,"name":"Chi siamo"}]},{"@type":"WebSite","@id":"https:\/\/www.aesis-conseil.com\/#website","url":"https:\/\/www.aesis-conseil.com\/","name":"Aesis Conseil","description":"Partenaire dans un monde ouvert","publisher":{"@id":"https:\/\/www.aesis-conseil.com\/#organization"},"potentialAction":[{"@type":"SearchAction","target":{"@type":"EntryPoint","urlTemplate":"https:\/\/www.aesis-conseil.com\/?s={search_term_string}"},"query-input":{"@type":"PropertyValueSpecification","valueRequired":true,"valueName":"search_term_string"}}],"inLanguage":"it-IT"},{"@type":"Organization","@id":"https:\/\/www.aesis-conseil.com\/#organization","name":"Aesis Conseil","url":"https:\/\/www.aesis-conseil.com\/","logo":{"@type":"ImageObject","inLanguage":"it-IT","@id":"https:\/\/www.aesis-conseil.com\/#\/schema\/logo\/image\/","url":"https:\/\/www.aesis-conseil.com\/wp-content\/uploads\/2015\/04\/logo_final_aesis_court.png","contentUrl":"https:\/\/www.aesis-conseil.com\/wp-content\/uploads\/2015\/04\/logo_final_aesis_court.png","width":127,"height":90,"caption":"Aesis Conseil"},"image":{"@id":"https:\/\/www.aesis-conseil.com\/#\/schema\/logo\/image\/"},"sameAs":["https:\/\/fr-fr.facebook.com\/aesisconseil","https:\/\/x.com\/aesisconseil","https:\/\/www.linkedin.com\/company\/aesis-conseil","https:\/\/www.youtube.com\/@aesisconseil5360"]}]}},"_links":{"self":[{"href":"https:\/\/www.aesis-conseil.com\/it\/wp-json\/wp\/v2\/pages\/4769","targetHints":{"allow":["GET"]}}],"collection":[{"href":"https:\/\/www.aesis-conseil.com\/it\/wp-json\/wp\/v2\/pages"}],"about":[{"href":"https:\/\/www.aesis-conseil.com\/it\/wp-json\/wp\/v2\/types\/page"}],"author":[{"embeddable":true,"href":"https:\/\/www.aesis-conseil.com\/it\/wp-json\/wp\/v2\/users\/2"}],"replies":[{"embeddable":true,"href":"https:\/\/www.aesis-conseil.com\/it\/wp-json\/wp\/v2\/comments?post=4769"}],"version-history":[{"count":0,"href":"https:\/\/www.aesis-conseil.com\/it\/wp-json\/wp\/v2\/pages\/4769\/revisions"}],"up":[{"embeddable":true,"href":"https:\/\/www.aesis-conseil.com\/it\/wp-json\/wp\/v2\/pages\/4935"}],"wp:featuredmedia":[{"embeddable":true,"href":"https:\/\/www.aesis-conseil.com\/it\/wp-json\/wp\/v2\/media\/3136"}],"wp:attachment":[{"href":"https:\/\/www.aesis-conseil.com\/it\/wp-json\/wp\/v2\/media?parent=4769"}],"curies":[{"name":"wp","href":"https:\/\/api.w.org\/{rel}","templated":true}]}}