{"id":4759,"date":"2015-04-28T15:57:27","date_gmt":"2015-04-28T14:57:27","guid":{"rendered":"https:\/\/www.aesis-conseil.com\/accueil\/"},"modified":"2024-02-27T15:37:29","modified_gmt":"2024-02-27T14:37:29","slug":"accueil","status":"publish","type":"page","link":"https:\/\/www.aesis-conseil.com\/it\/","title":{"rendered":"Home"},"content":{"rendered":"<section id=\"\"  class=\"light\"> <div class=\"container\">  <div class=\"row\"><div class=\"col-md-4  text-default\" style=\"border-right:1px solid #cccccc;\"><div class='feature_teaser'>\n  <img alt='D\u00e9veloppement d'applications Aesis Conseil' src='https:\/\/www.aesis-conseil.com\/wp-content\/uploads\/2015\/11\/img-appli.png'>\n  <h3>Sviluppo di applicativi<\/h3>\n<p>Sviluppiamo interfacce e sistemi che rispondono ai bisogni specifici<strong> della pubblica amministrazione<\/strong> e alle esigenze delle <strong>aziende del settore privato.<\/strong><\/p>\n\n<\/div><\/div><div class=\"col-md-4  text-default\" style=\"border-right:1px solid #cccccc;\"><div class='feature_teaser'>\n  <img alt='Biblioth\u00e8que et M\u00e9diath\u00e8que Aesis Conseil' src='https:\/\/www.aesis-conseil.com\/wp-content\/uploads\/2015\/11\/img-biblio.png'>\n  <h3>Biblioteche e mediateche<\/h3>\n<p>Mettiamo a disposizione due sistemi applicativi :<\/p>\n<ul>\n<li style=\"text-align: left;\"><strong>WebKiosk<\/strong> per la gestione dei terminali pubblici in biblioteca<\/li>\n<li style=\"text-align: left;\"><strong>Horigami<\/strong> per la gestione degli accessi pubblici a Internet<\/li>\n<\/ul>\n\n<\/div><\/div><div class=\"col-md-4  text-default\" ><div class='feature_teaser'>\n  <img alt='R\u00e9seaux syst\u00e8me Aesis Conseil' src='https:\/\/www.aesis-conseil.com\/wp-content\/uploads\/2015\/11\/img-res-syst.png'>\n  <h3>Sistemi e reti<\/h3>\n<p>A partire dallo sviluppo fino alla consegna, Aesis Conseil garantisce un controllo continuo sulla qualit\u00e0 delle sue soluzioni. In relazione diretta con il cliente, analizziamo le difficolt\u00e0 incontrate e forniamo soluzioni facendo appello al meglio delle tecnologie esistenti.<\/p>\n\n<\/div><\/div>  <\/div>  <\/div><\/section><section id=\"\"  class=\"light\">  <div class=\"container triangles-of-section\">    <div class=\"triangle-up-left\"><\/div>    <div class=\"square-left\"><\/div>    <div class=\"triangle-up-right\"><\/div>    <div class=\"square-right\"><\/div>  <\/div> <div class=\"container\">  <div class=\"row\"><h2 class=\"section_header fancy centered\">SCOPRITE LA NOSTRA SOLUZIONE<\/h2><div class=\"col-md-12 home-portfolio text-default\" >[vc_single_image image=&#8221;6234&#8243; img_size=&#8221;medium&#8221; alignment=&#8221;center&#8221; onclick=&#8221;custom_link&#8221; link=&#8221;\/it\/webkiosk\/terminali-pubblici&#8221;][vc_column_text][vc_raw_html]JTNDYSUyMGhyZWYlM0QlMjIlMkZpdCUyRmNvbnRhdHRhdGVjaS1hZXNpcyUyRiUyMiUzRSUzQ2J1dHRvbiUyMGNsYXNzJTNEJTIyYnRuJTIwYnRuLWxnJTIwYnRuLWRlbW8td2slMjBjZW50ZXItYmxvY2slMjIlM0VEZW1vJTIwV2Via2lvc2slMjB0ZXJtaW5hbGklMjBwdWJibGljaSUwQSUzQyUyRmJ1dHRvbiUzRSUzQyUyRmElM0U=[\/vc_raw_html][\/vc_column_text]<\/div>  <\/div>  <\/div><\/section><section id=\"\"  class=\"light\">  <div class=\"container triangles-of-section\">    <div class=\"triangle-up-left\"><\/div>    <div class=\"square-left\"><\/div>    <div class=\"triangle-up-right\"><\/div>    <div class=\"square-right\"><\/div>  <\/div> <div class=\"container\">  <div class=\"row\"><h2 class=\"section_header fancy centered\">CLIENTI<\/h2><div class=\"col-md-12  text-default\" ><div class=\"clients_list\"><a href=\"http:\/\/www.meef-paysdevitre.fr\/#home\" target=\"_blank\"><img decoding=\"async\" src=\"https:\/\/www.aesis-conseil.com\/wp-content\/uploads\/2015\/04\/logomeef.png\" alt=\"\"><\/a><a href=\"http:\/\/www.dracenie.com\" target=\"_blank\"><img decoding=\"async\" src=\"https:\/\/www.aesis-conseil.com\/wp-content\/uploads\/2015\/04\/comm-agglo-drac\u00e9noise.png\" alt=\"\"><\/a><a href=\"http:\/\/mediatheque.ville-montrouge.fr\/\" target=\"_blank\"><img decoding=\"async\" src=\"https:\/\/www.aesis-conseil.com\/wp-content\/uploads\/2015\/04\/logo-ville-mediatheque.png\" alt=\"\"><\/a><a href=\"http:\/\/www.mediatheques.puteaux.fr\/\" target=\"_blank\"><img decoding=\"async\" src=\"https:\/\/www.aesis-conseil.com\/wp-content\/uploads\/2015\/04\/media-puteaux.png\" alt=\"\"><\/a><a href=\"http:\/\/www.ville-roubaix.fr\/\" target=\"_blank\"><img decoding=\"async\" src=\"https:\/\/www.aesis-conseil.com\/wp-content\/uploads\/2015\/04\/ville-de-roubaix.png\" alt=\"\"><\/a><a href=\"http:\/\/www.mairie-vitre.com\/\" target=\"_blank\"><img decoding=\"async\" src=\"https:\/\/www.aesis-conseil.com\/wp-content\/uploads\/2015\/04\/vitredevitr\u00e9.png\" alt=\"\"><\/a><\/div><\/div>  <\/div>  <\/div><\/section><section id=\"\"  class=\"light\"> <div class=\"container\">  <div class=\"row\"><div class=\"col-md-12  text-default\" >[vc_empty_space height=&#8221;&#8221;]<\/div>  <\/div>  <\/div><\/section>\n","protected":false},"excerpt":{"rendered":"","protected":false},"author":2,"featured_media":6154,"parent":0,"menu_order":0,"comment_status":"closed","ping_status":"closed","template":"","meta":{"footnotes":""},"class_list":["post-4759","page","type-page","status-publish","has-post-thumbnail","hentry"],"yoast_head":"<!-- This site is optimized with the Yoast SEO plugin v27.4 - https:\/\/yoast.com\/product\/yoast-seo-wordpress\/ -->\n<title>Home -<\/title>\n<meta name=\"robots\" content=\"index, follow, max-snippet:-1, max-image-preview:large, max-video-preview:-1\" \/>\n<link rel=\"canonical\" href=\"https:\/\/www.aesis-conseil.com\/it\/\" \/>\n<meta property=\"og:locale\" content=\"it_IT\" \/>\n<meta property=\"og:type\" content=\"article\" \/>\n<meta property=\"og:title\" content=\"Home -\" \/>\n<meta property=\"og:url\" content=\"https:\/\/www.aesis-conseil.com\/it\/\" \/>\n<meta property=\"og:site_name\" content=\"Aesis Conseil\" \/>\n<meta property=\"article:publisher\" content=\"https:\/\/fr-fr.facebook.com\/aesisconseil\" \/>\n<meta property=\"article:modified_time\" content=\"2024-02-27T14:37:29+00:00\" \/>\n<meta property=\"og:image\" content=\"https:\/\/www.aesis-conseil.com\/wp-content\/uploads\/2020\/04\/wk-accueil-italien.jpg\" \/>\n\t<meta property=\"og:image:width\" content=\"1920\" \/>\n\t<meta property=\"og:image:height\" content=\"550\" \/>\n\t<meta property=\"og:image:type\" content=\"image\/jpeg\" \/>\n<meta name=\"twitter:card\" content=\"summary_large_image\" \/>\n<meta name=\"twitter:site\" content=\"@aesisconseil\" \/>\n<meta name=\"twitter:label1\" content=\"Tempo di lettura stimato\" \/>\n\t<meta name=\"twitter:data1\" content=\"2 minuti\" \/>\n<script type=\"application\/ld+json\" class=\"yoast-schema-graph\">{\"@context\":\"https:\\\/\\\/schema.org\",\"@graph\":[{\"@type\":\"WebPage\",\"@id\":\"https:\\\/\\\/www.aesis-conseil.com\\\/it\\\/\",\"url\":\"https:\\\/\\\/www.aesis-conseil.com\\\/it\\\/\",\"name\":\"Home -\",\"isPartOf\":{\"@id\":\"https:\\\/\\\/www.aesis-conseil.com\\\/#website\"},\"primaryImageOfPage\":{\"@id\":\"https:\\\/\\\/www.aesis-conseil.com\\\/it\\\/#primaryimage\"},\"image\":{\"@id\":\"https:\\\/\\\/www.aesis-conseil.com\\\/it\\\/#primaryimage\"},\"thumbnailUrl\":\"https:\\\/\\\/www.aesis-conseil.com\\\/wp-content\\\/uploads\\\/2020\\\/04\\\/wk-accueil-italien.jpg\",\"datePublished\":\"2015-04-28T14:57:27+00:00\",\"dateModified\":\"2024-02-27T14:37:29+00:00\",\"breadcrumb\":{\"@id\":\"https:\\\/\\\/www.aesis-conseil.com\\\/it\\\/#breadcrumb\"},\"inLanguage\":\"it-IT\",\"potentialAction\":[{\"@type\":\"ReadAction\",\"target\":[\"https:\\\/\\\/www.aesis-conseil.com\\\/it\\\/\"]}]},{\"@type\":\"ImageObject\",\"inLanguage\":\"it-IT\",\"@id\":\"https:\\\/\\\/www.aesis-conseil.com\\\/it\\\/#primaryimage\",\"url\":\"https:\\\/\\\/www.aesis-conseil.com\\\/wp-content\\\/uploads\\\/2020\\\/04\\\/wk-accueil-italien.jpg\",\"contentUrl\":\"https:\\\/\\\/www.aesis-conseil.com\\\/wp-content\\\/uploads\\\/2020\\\/04\\\/wk-accueil-italien.jpg\",\"width\":1920,\"height\":550},{\"@type\":\"BreadcrumbList\",\"@id\":\"https:\\\/\\\/www.aesis-conseil.com\\\/it\\\/#breadcrumb\",\"itemListElement\":[{\"@type\":\"ListItem\",\"position\":1,\"name\":\"Accueil\",\"item\":\"https:\\\/\\\/www.aesis-conseil.com\\\/it\\\/\"},{\"@type\":\"ListItem\",\"position\":2,\"name\":\"Home\"}]},{\"@type\":\"WebSite\",\"@id\":\"https:\\\/\\\/www.aesis-conseil.com\\\/#website\",\"url\":\"https:\\\/\\\/www.aesis-conseil.com\\\/\",\"name\":\"Aesis Conseil\",\"description\":\"Partenaire dans un monde ouvert\",\"publisher\":{\"@id\":\"https:\\\/\\\/www.aesis-conseil.com\\\/#organization\"},\"potentialAction\":[{\"@type\":\"SearchAction\",\"target\":{\"@type\":\"EntryPoint\",\"urlTemplate\":\"https:\\\/\\\/www.aesis-conseil.com\\\/?s={search_term_string}\"},\"query-input\":{\"@type\":\"PropertyValueSpecification\",\"valueRequired\":true,\"valueName\":\"search_term_string\"}}],\"inLanguage\":\"it-IT\"},{\"@type\":\"Organization\",\"@id\":\"https:\\\/\\\/www.aesis-conseil.com\\\/#organization\",\"name\":\"Aesis Conseil\",\"url\":\"https:\\\/\\\/www.aesis-conseil.com\\\/\",\"logo\":{\"@type\":\"ImageObject\",\"inLanguage\":\"it-IT\",\"@id\":\"https:\\\/\\\/www.aesis-conseil.com\\\/#\\\/schema\\\/logo\\\/image\\\/\",\"url\":\"https:\\\/\\\/www.aesis-conseil.com\\\/wp-content\\\/uploads\\\/2015\\\/04\\\/logo_final_aesis_court.png\",\"contentUrl\":\"https:\\\/\\\/www.aesis-conseil.com\\\/wp-content\\\/uploads\\\/2015\\\/04\\\/logo_final_aesis_court.png\",\"width\":127,\"height\":90,\"caption\":\"Aesis Conseil\"},\"image\":{\"@id\":\"https:\\\/\\\/www.aesis-conseil.com\\\/#\\\/schema\\\/logo\\\/image\\\/\"},\"sameAs\":[\"https:\\\/\\\/fr-fr.facebook.com\\\/aesisconseil\",\"https:\\\/\\\/x.com\\\/aesisconseil\",\"https:\\\/\\\/www.linkedin.com\\\/company\\\/aesis-conseil\",\"https:\\\/\\\/www.youtube.com\\\/@aesisconseil5360\"]}]}<\/script>\n<!-- \/ Yoast SEO plugin. -->","yoast_head_json":{"title":"Home -","robots":{"index":"index","follow":"follow","max-snippet":"max-snippet:-1","max-image-preview":"max-image-preview:large","max-video-preview":"max-video-preview:-1"},"canonical":"https:\/\/www.aesis-conseil.com\/it\/","og_locale":"it_IT","og_type":"article","og_title":"Home -","og_url":"https:\/\/www.aesis-conseil.com\/it\/","og_site_name":"Aesis Conseil","article_publisher":"https:\/\/fr-fr.facebook.com\/aesisconseil","article_modified_time":"2024-02-27T14:37:29+00:00","og_image":[{"width":1920,"height":550,"url":"https:\/\/www.aesis-conseil.com\/wp-content\/uploads\/2020\/04\/wk-accueil-italien.jpg","type":"image\/jpeg"}],"twitter_card":"summary_large_image","twitter_site":"@aesisconseil","twitter_misc":{"Tempo di lettura stimato":"2 minuti"},"schema":{"@context":"https:\/\/schema.org","@graph":[{"@type":"WebPage","@id":"https:\/\/www.aesis-conseil.com\/it\/","url":"https:\/\/www.aesis-conseil.com\/it\/","name":"Home -","isPartOf":{"@id":"https:\/\/www.aesis-conseil.com\/#website"},"primaryImageOfPage":{"@id":"https:\/\/www.aesis-conseil.com\/it\/#primaryimage"},"image":{"@id":"https:\/\/www.aesis-conseil.com\/it\/#primaryimage"},"thumbnailUrl":"https:\/\/www.aesis-conseil.com\/wp-content\/uploads\/2020\/04\/wk-accueil-italien.jpg","datePublished":"2015-04-28T14:57:27+00:00","dateModified":"2024-02-27T14:37:29+00:00","breadcrumb":{"@id":"https:\/\/www.aesis-conseil.com\/it\/#breadcrumb"},"inLanguage":"it-IT","potentialAction":[{"@type":"ReadAction","target":["https:\/\/www.aesis-conseil.com\/it\/"]}]},{"@type":"ImageObject","inLanguage":"it-IT","@id":"https:\/\/www.aesis-conseil.com\/it\/#primaryimage","url":"https:\/\/www.aesis-conseil.com\/wp-content\/uploads\/2020\/04\/wk-accueil-italien.jpg","contentUrl":"https:\/\/www.aesis-conseil.com\/wp-content\/uploads\/2020\/04\/wk-accueil-italien.jpg","width":1920,"height":550},{"@type":"BreadcrumbList","@id":"https:\/\/www.aesis-conseil.com\/it\/#breadcrumb","itemListElement":[{"@type":"ListItem","position":1,"name":"Accueil","item":"https:\/\/www.aesis-conseil.com\/it\/"},{"@type":"ListItem","position":2,"name":"Home"}]},{"@type":"WebSite","@id":"https:\/\/www.aesis-conseil.com\/#website","url":"https:\/\/www.aesis-conseil.com\/","name":"Aesis Conseil","description":"Partenaire dans un monde ouvert","publisher":{"@id":"https:\/\/www.aesis-conseil.com\/#organization"},"potentialAction":[{"@type":"SearchAction","target":{"@type":"EntryPoint","urlTemplate":"https:\/\/www.aesis-conseil.com\/?s={search_term_string}"},"query-input":{"@type":"PropertyValueSpecification","valueRequired":true,"valueName":"search_term_string"}}],"inLanguage":"it-IT"},{"@type":"Organization","@id":"https:\/\/www.aesis-conseil.com\/#organization","name":"Aesis Conseil","url":"https:\/\/www.aesis-conseil.com\/","logo":{"@type":"ImageObject","inLanguage":"it-IT","@id":"https:\/\/www.aesis-conseil.com\/#\/schema\/logo\/image\/","url":"https:\/\/www.aesis-conseil.com\/wp-content\/uploads\/2015\/04\/logo_final_aesis_court.png","contentUrl":"https:\/\/www.aesis-conseil.com\/wp-content\/uploads\/2015\/04\/logo_final_aesis_court.png","width":127,"height":90,"caption":"Aesis Conseil"},"image":{"@id":"https:\/\/www.aesis-conseil.com\/#\/schema\/logo\/image\/"},"sameAs":["https:\/\/fr-fr.facebook.com\/aesisconseil","https:\/\/x.com\/aesisconseil","https:\/\/www.linkedin.com\/company\/aesis-conseil","https:\/\/www.youtube.com\/@aesisconseil5360"]}]}},"_links":{"self":[{"href":"https:\/\/www.aesis-conseil.com\/it\/wp-json\/wp\/v2\/pages\/4759","targetHints":{"allow":["GET"]}}],"collection":[{"href":"https:\/\/www.aesis-conseil.com\/it\/wp-json\/wp\/v2\/pages"}],"about":[{"href":"https:\/\/www.aesis-conseil.com\/it\/wp-json\/wp\/v2\/types\/page"}],"author":[{"embeddable":true,"href":"https:\/\/www.aesis-conseil.com\/it\/wp-json\/wp\/v2\/users\/2"}],"replies":[{"embeddable":true,"href":"https:\/\/www.aesis-conseil.com\/it\/wp-json\/wp\/v2\/comments?post=4759"}],"version-history":[{"count":2,"href":"https:\/\/www.aesis-conseil.com\/it\/wp-json\/wp\/v2\/pages\/4759\/revisions"}],"predecessor-version":[{"id":7673,"href":"https:\/\/www.aesis-conseil.com\/it\/wp-json\/wp\/v2\/pages\/4759\/revisions\/7673"}],"wp:featuredmedia":[{"embeddable":true,"href":"https:\/\/www.aesis-conseil.com\/it\/wp-json\/wp\/v2\/media\/6154"}],"wp:attachment":[{"href":"https:\/\/www.aesis-conseil.com\/it\/wp-json\/wp\/v2\/media?parent=4759"}],"curies":[{"name":"wp","href":"https:\/\/api.w.org\/{rel}","templated":true}]}}