{"id":5596,"date":"2019-07-19T14:36:37","date_gmt":"2019-07-19T12:36:37","guid":{"rendered":"https:\/\/www.aesis-conseil.com\/?page_id=5596"},"modified":"2024-02-23T16:20:12","modified_gmt":"2024-02-23T15:20:12","slug":"presupuesto","status":"publish","type":"page","link":"https:\/\/www.aesis-conseil.com\/es\/webkiosk\/presupuesto\/","title":{"rendered":"Solicitud de cotizaci\u00f3n WebKiosk &#8211; Tabletas"},"content":{"rendered":"<section id=\"\"  class=\"light\"> <div class=\"container\">  <div class=\"row\"><div class=\"col-md-12  text-default\" >\n<div class=\"wpcf7 no-js\" id=\"wpcf7-f7268-o1\" lang=\"es-ES\" dir=\"ltr\" data-wpcf7-id=\"7268\">\n<div class=\"screen-reader-response\"><p role=\"status\" aria-live=\"polite\" aria-atomic=\"true\"><\/p> <ul><\/ul><\/div>\n<form action=\"\/es\/wp-json\/wp\/v2\/pages\/5596#wpcf7-f7268-o1\" method=\"post\" class=\"wpcf7-form init\" aria-label=\"Formulario de contacto\" novalidate=\"novalidate\" data-status=\"init\">\n<fieldset class=\"hidden-fields-container\"><input type=\"hidden\" name=\"_wpcf7\" value=\"7268\" \/><input type=\"hidden\" name=\"_wpcf7_version\" value=\"6.1.5\" \/><input type=\"hidden\" name=\"_wpcf7_locale\" value=\"es_ES\" \/><input type=\"hidden\" name=\"_wpcf7_unit_tag\" value=\"wpcf7-f7268-o1\" \/><input type=\"hidden\" name=\"_wpcf7_container_post\" value=\"0\" \/><input type=\"hidden\" name=\"_wpcf7_posted_data_hash\" value=\"\" \/>\n<\/fieldset>\n<p><label>Su correo electr\u00f3nico<span class=\"text-danger\">*<\/span>:<br \/>\n<span class=\"wpcf7-form-control-wrap\" data-name=\"email\"><input size=\"40\" maxlength=\"400\" class=\"wpcf7-form-control wpcf7-form-control form-control wpcf7-validates-as-required wpcf7-form-control form-control wpcf7-validates-as-email\" autocomplete=\"email\" aria-required=\"true\" aria-invalid=\"false\" value=\"\" type=\"email\" name=\"email\" \/><\/span><\/label>\n<\/p>\n<p><label>Su tel\u00e9fono:<br \/>\n<span class=\"wpcf7-form-control-wrap\" data-name=\"phone\"><input size=\"40\" maxlength=\"400\" class=\"wpcf7-form-control wpcf7-tel wpcf7-form-control form-control wpcf7-validates-as-tel\" autocomplete=\"phone\" aria-invalid=\"false\" value=\"\" type=\"tel\" name=\"phone\" \/><\/span><\/label>\n<\/p>\n<p><label>Su mensaje<span class=\"text-danger\">*<\/span>:<br \/>\n<span class=\"wpcf7-form-control-wrap\" data-name=\"message\"><textarea cols=\"40\" rows=\"10\" maxlength=\"2000\" class=\"wpcf7-form-control wpcf7-form-control wpcf7-form-control form-control wpcf7-validates-as-required\" aria-required=\"true\" aria-invalid=\"false\" name=\"message\"><\/textarea><\/span><\/label>\n<\/p>\n<p><span id=\"wpcf7-69e4d0ed9c341-wrapper\" class=\"wpcf7-form-control-wrap company-wrap\" style=\"display:none !important; visibility:hidden !important;\"><input id=\"wpcf7-69e4d0ed9c341-field\"  class=\"wpcf7-form-control wpcf7-form-control form-control\" type=\"text\" name=\"company\" value=\"\" size=\"40\" tabindex=\"-1\" autocomplete=\"new-password\" \/><\/span>\n<\/p>\n<p><input class=\"wpcf7-form-control wpcf7-submit btn btn-primary has-spinner\" type=\"submit\" value=\"Entregar\" \/>\n<\/p><p style=\"display: none !important;\" class=\"akismet-fields-container\" data-prefix=\"_wpcf7_ak_\"><label>&#916;<textarea name=\"_wpcf7_ak_hp_textarea\" cols=\"45\" rows=\"8\" maxlength=\"100\"><\/textarea><\/label><input type=\"hidden\" id=\"ak_js_1\" name=\"_wpcf7_ak_js\" value=\"102\"\/><script>document.getElementById( \"ak_js_1\" ).setAttribute( \"value\", ( new Date() ).getTime() );<\/script><\/p><div class=\"wpcf7-response-output\" aria-hidden=\"true\"><\/div>\n<\/form>\n<\/div>\n<\/div>  <\/div>  <\/div><\/section><section id=\"\"  class=\"light\"> <div class=\"container\">  <div class=\"row\"><div class=\"col-md-12  text-default\" >[vc_separator color=\u00bbblack\u00bb][vc_column_text]<\/p>\n<section id=\"\" class=\"light_section\">\n<div class=\"container\">La informaci\u00f3n recopilada est\u00e1 sujeta a un procesamiento inform\u00e1tico para mejorar nuestros servicios a los clientes actuales y potenciales. El destinatario de los datos es Aesis Conseil SARL. De conformidad con la Ley \u00abInform\u00e1tica y Libertades\u00bb, de 6 de enero de 1978, modificada en 2004, usted tiene derecho de acceso y rectificaci\u00f3n a la informaci\u00f3n que le concierne, que puede ejercer enviando un correo a la direcci\u00f3n cnil &lt;aroba&gt; aesis-conseil &lt;punto&gt; com. Tambi\u00e9n puede oponerse, por motivos leg\u00edtimos, al tratamiento de los datos que le conciernen.<\/div>\n<\/section>\n<p>[\/vc_column_text]<\/div>  <\/div>  <\/div><\/section>\n","protected":false},"excerpt":{"rendered":"Su correo electr\u00f3nico*: Su tel\u00e9fono: Su mensaje*: &#916; [vc_separator color=\"black\"][vc_column_text] La informaci\u00f3n recopilada est\u00e1 sujeta a un procesamiento inform\u00e1tico para mejorar nuestros servicios a los clientes actuales y potenciales. El destinatario de los datos es Aesis Conseil SARL. De conformidad con la Ley \u00abInform\u00e1tica y Libertades\u00bb, de 6 de enero de 1978, modificada en 2004, [...]<a target=\"_blank\" href=\"https:\/\/www.aesis-conseil.com\/es\/webkiosk\/presupuesto\/\"> Lire la suite<\/a>","protected":false},"author":3,"featured_media":0,"parent":5484,"menu_order":0,"comment_status":"closed","ping_status":"closed","template":"","meta":{"footnotes":""},"class_list":["post-5596","page","type-page","status-publish","hentry"],"yoast_head":"<!-- This site is optimized with the Yoast SEO plugin v27.4 - https:\/\/yoast.com\/product\/yoast-seo-wordpress\/ -->\n<title>Solicitud de cotizaci\u00f3n WebKiosk - Tabletas - Aesis Conseil<\/title>\n<meta name=\"robots\" content=\"index, follow, max-snippet:-1, max-image-preview:large, max-video-preview:-1\" \/>\n<link rel=\"canonical\" href=\"https:\/\/www.aesis-conseil.com\/es\/webkiosk\/presupuesto\/\" \/>\n<meta property=\"og:locale\" content=\"es_ES\" \/>\n<meta property=\"og:type\" content=\"article\" \/>\n<meta property=\"og:title\" content=\"Solicitud de cotizaci\u00f3n WebKiosk - Tabletas - Aesis Conseil\" \/>\n<meta property=\"og:url\" content=\"https:\/\/www.aesis-conseil.com\/es\/webkiosk\/presupuesto\/\" \/>\n<meta property=\"og:site_name\" content=\"Aesis Conseil\" \/>\n<meta property=\"article:publisher\" content=\"https:\/\/fr-fr.facebook.com\/aesisconseil\" \/>\n<meta property=\"article:modified_time\" content=\"2024-02-23T15:20:12+00:00\" \/>\n<meta property=\"og:image\" content=\"https:\/\/www.aesis-conseil.com\/wp-content\/uploads\/2015\/04\/logo_final_aesis_court.png\" \/>\n\t<meta property=\"og:image:width\" content=\"127\" \/>\n\t<meta property=\"og:image:height\" content=\"90\" \/>\n\t<meta property=\"og:image:type\" content=\"image\/png\" \/>\n<meta name=\"twitter:card\" content=\"summary_large_image\" \/>\n<meta name=\"twitter:site\" content=\"@aesisconseil\" \/>\n<meta name=\"twitter:label1\" content=\"Tiempo de lectura\" \/>\n\t<meta name=\"twitter:data1\" content=\"1 minuto\" \/>\n<script type=\"application\/ld+json\" class=\"yoast-schema-graph\">{\"@context\":\"https:\\\/\\\/schema.org\",\"@graph\":[{\"@type\":\"WebPage\",\"@id\":\"https:\\\/\\\/www.aesis-conseil.com\\\/es\\\/webkiosk\\\/presupuesto\\\/\",\"url\":\"https:\\\/\\\/www.aesis-conseil.com\\\/es\\\/webkiosk\\\/presupuesto\\\/\",\"name\":\"Solicitud de cotizaci\u00f3n WebKiosk - Tabletas - Aesis Conseil\",\"isPartOf\":{\"@id\":\"https:\\\/\\\/www.aesis-conseil.com\\\/#website\"},\"datePublished\":\"2019-07-19T12:36:37+00:00\",\"dateModified\":\"2024-02-23T15:20:12+00:00\",\"breadcrumb\":{\"@id\":\"https:\\\/\\\/www.aesis-conseil.com\\\/es\\\/webkiosk\\\/presupuesto\\\/#breadcrumb\"},\"inLanguage\":\"es\",\"potentialAction\":[{\"@type\":\"ReadAction\",\"target\":[\"https:\\\/\\\/www.aesis-conseil.com\\\/es\\\/webkiosk\\\/presupuesto\\\/\"]}]},{\"@type\":\"BreadcrumbList\",\"@id\":\"https:\\\/\\\/www.aesis-conseil.com\\\/es\\\/webkiosk\\\/presupuesto\\\/#breadcrumb\",\"itemListElement\":[{\"@type\":\"ListItem\",\"position\":1,\"name\":\"Accueil\",\"item\":\"https:\\\/\\\/www.aesis-conseil.com\\\/es\\\/\"},{\"@type\":\"ListItem\",\"position\":2,\"name\":\"Webkiosk\",\"item\":\"https:\\\/\\\/www.aesis-conseil.com\\\/es\\\/webkiosk\\\/\"},{\"@type\":\"ListItem\",\"position\":3,\"name\":\"Solicitud de cotizaci\u00f3n WebKiosk &#8211; Tabletas\"}]},{\"@type\":\"WebSite\",\"@id\":\"https:\\\/\\\/www.aesis-conseil.com\\\/#website\",\"url\":\"https:\\\/\\\/www.aesis-conseil.com\\\/\",\"name\":\"Aesis Conseil\",\"description\":\"Partenaire dans un monde ouvert\",\"publisher\":{\"@id\":\"https:\\\/\\\/www.aesis-conseil.com\\\/#organization\"},\"potentialAction\":[{\"@type\":\"SearchAction\",\"target\":{\"@type\":\"EntryPoint\",\"urlTemplate\":\"https:\\\/\\\/www.aesis-conseil.com\\\/?s={search_term_string}\"},\"query-input\":{\"@type\":\"PropertyValueSpecification\",\"valueRequired\":true,\"valueName\":\"search_term_string\"}}],\"inLanguage\":\"es\"},{\"@type\":\"Organization\",\"@id\":\"https:\\\/\\\/www.aesis-conseil.com\\\/#organization\",\"name\":\"Aesis Conseil\",\"url\":\"https:\\\/\\\/www.aesis-conseil.com\\\/\",\"logo\":{\"@type\":\"ImageObject\",\"inLanguage\":\"es\",\"@id\":\"https:\\\/\\\/www.aesis-conseil.com\\\/#\\\/schema\\\/logo\\\/image\\\/\",\"url\":\"https:\\\/\\\/www.aesis-conseil.com\\\/wp-content\\\/uploads\\\/2015\\\/04\\\/logo_final_aesis_court.png\",\"contentUrl\":\"https:\\\/\\\/www.aesis-conseil.com\\\/wp-content\\\/uploads\\\/2015\\\/04\\\/logo_final_aesis_court.png\",\"width\":127,\"height\":90,\"caption\":\"Aesis Conseil\"},\"image\":{\"@id\":\"https:\\\/\\\/www.aesis-conseil.com\\\/#\\\/schema\\\/logo\\\/image\\\/\"},\"sameAs\":[\"https:\\\/\\\/fr-fr.facebook.com\\\/aesisconseil\",\"https:\\\/\\\/x.com\\\/aesisconseil\",\"https:\\\/\\\/www.linkedin.com\\\/company\\\/aesis-conseil\",\"https:\\\/\\\/www.youtube.com\\\/@aesisconseil5360\"]}]}<\/script>\n<!-- \/ Yoast SEO plugin. -->","yoast_head_json":{"title":"Solicitud de cotizaci\u00f3n WebKiosk - Tabletas - Aesis Conseil","robots":{"index":"index","follow":"follow","max-snippet":"max-snippet:-1","max-image-preview":"max-image-preview:large","max-video-preview":"max-video-preview:-1"},"canonical":"https:\/\/www.aesis-conseil.com\/es\/webkiosk\/presupuesto\/","og_locale":"es_ES","og_type":"article","og_title":"Solicitud de cotizaci\u00f3n WebKiosk - Tabletas - Aesis Conseil","og_url":"https:\/\/www.aesis-conseil.com\/es\/webkiosk\/presupuesto\/","og_site_name":"Aesis Conseil","article_publisher":"https:\/\/fr-fr.facebook.com\/aesisconseil","article_modified_time":"2024-02-23T15:20:12+00:00","og_image":[{"width":127,"height":90,"url":"https:\/\/www.aesis-conseil.com\/wp-content\/uploads\/2015\/04\/logo_final_aesis_court.png","type":"image\/png"}],"twitter_card":"summary_large_image","twitter_site":"@aesisconseil","twitter_misc":{"Tiempo de lectura":"1 minuto"},"schema":{"@context":"https:\/\/schema.org","@graph":[{"@type":"WebPage","@id":"https:\/\/www.aesis-conseil.com\/es\/webkiosk\/presupuesto\/","url":"https:\/\/www.aesis-conseil.com\/es\/webkiosk\/presupuesto\/","name":"Solicitud de cotizaci\u00f3n WebKiosk - Tabletas - Aesis Conseil","isPartOf":{"@id":"https:\/\/www.aesis-conseil.com\/#website"},"datePublished":"2019-07-19T12:36:37+00:00","dateModified":"2024-02-23T15:20:12+00:00","breadcrumb":{"@id":"https:\/\/www.aesis-conseil.com\/es\/webkiosk\/presupuesto\/#breadcrumb"},"inLanguage":"es","potentialAction":[{"@type":"ReadAction","target":["https:\/\/www.aesis-conseil.com\/es\/webkiosk\/presupuesto\/"]}]},{"@type":"BreadcrumbList","@id":"https:\/\/www.aesis-conseil.com\/es\/webkiosk\/presupuesto\/#breadcrumb","itemListElement":[{"@type":"ListItem","position":1,"name":"Accueil","item":"https:\/\/www.aesis-conseil.com\/es\/"},{"@type":"ListItem","position":2,"name":"Webkiosk","item":"https:\/\/www.aesis-conseil.com\/es\/webkiosk\/"},{"@type":"ListItem","position":3,"name":"Solicitud de cotizaci\u00f3n WebKiosk &#8211; Tabletas"}]},{"@type":"WebSite","@id":"https:\/\/www.aesis-conseil.com\/#website","url":"https:\/\/www.aesis-conseil.com\/","name":"Aesis Conseil","description":"Partenaire dans un monde ouvert","publisher":{"@id":"https:\/\/www.aesis-conseil.com\/#organization"},"potentialAction":[{"@type":"SearchAction","target":{"@type":"EntryPoint","urlTemplate":"https:\/\/www.aesis-conseil.com\/?s={search_term_string}"},"query-input":{"@type":"PropertyValueSpecification","valueRequired":true,"valueName":"search_term_string"}}],"inLanguage":"es"},{"@type":"Organization","@id":"https:\/\/www.aesis-conseil.com\/#organization","name":"Aesis Conseil","url":"https:\/\/www.aesis-conseil.com\/","logo":{"@type":"ImageObject","inLanguage":"es","@id":"https:\/\/www.aesis-conseil.com\/#\/schema\/logo\/image\/","url":"https:\/\/www.aesis-conseil.com\/wp-content\/uploads\/2015\/04\/logo_final_aesis_court.png","contentUrl":"https:\/\/www.aesis-conseil.com\/wp-content\/uploads\/2015\/04\/logo_final_aesis_court.png","width":127,"height":90,"caption":"Aesis Conseil"},"image":{"@id":"https:\/\/www.aesis-conseil.com\/#\/schema\/logo\/image\/"},"sameAs":["https:\/\/fr-fr.facebook.com\/aesisconseil","https:\/\/x.com\/aesisconseil","https:\/\/www.linkedin.com\/company\/aesis-conseil","https:\/\/www.youtube.com\/@aesisconseil5360"]}]}},"_links":{"self":[{"href":"https:\/\/www.aesis-conseil.com\/es\/wp-json\/wp\/v2\/pages\/5596","targetHints":{"allow":["GET"]}}],"collection":[{"href":"https:\/\/www.aesis-conseil.com\/es\/wp-json\/wp\/v2\/pages"}],"about":[{"href":"https:\/\/www.aesis-conseil.com\/es\/wp-json\/wp\/v2\/types\/page"}],"author":[{"embeddable":true,"href":"https:\/\/www.aesis-conseil.com\/es\/wp-json\/wp\/v2\/users\/3"}],"replies":[{"embeddable":true,"href":"https:\/\/www.aesis-conseil.com\/es\/wp-json\/wp\/v2\/comments?post=5596"}],"version-history":[{"count":2,"href":"https:\/\/www.aesis-conseil.com\/es\/wp-json\/wp\/v2\/pages\/5596\/revisions"}],"predecessor-version":[{"id":7277,"href":"https:\/\/www.aesis-conseil.com\/es\/wp-json\/wp\/v2\/pages\/5596\/revisions\/7277"}],"up":[{"embeddable":true,"href":"https:\/\/www.aesis-conseil.com\/es\/wp-json\/wp\/v2\/pages\/5484"}],"wp:attachment":[{"href":"https:\/\/www.aesis-conseil.com\/es\/wp-json\/wp\/v2\/media?parent=5596"}],"curies":[{"name":"wp","href":"https:\/\/api.w.org\/{rel}","templated":true}]}}