{"id":5518,"date":"2017-04-25T10:08:16","date_gmt":"2017-04-25T08:08:16","guid":{"rendered":"https:\/\/www.aesis-conseil.com\/contact\/"},"modified":"2022-12-13T16:43:26","modified_gmt":"2022-12-13T15:43:26","slug":"contacto","status":"publish","type":"page","link":"https:\/\/www.aesis-conseil.com\/es\/contacto\/","title":{"rendered":"Contacto"},"content":{"rendered":"<section id=\"\"  class=\"light\"> <div class=\"container\">  <div class=\"row\"><div class=\"col-md-4 contact text-default\" ><div class=\"service_teaser vertical\"><div class=\"service_photo\"><a href=\"https:\/\/www.aesis-conseil.com\/es\/webkiosk\/puestos-publicos\/\" title=\"Webkiosk\" target=\"\"><figure style=\"background-image:url()\"><\/figure><\/a><\/div><div class=\"service_details\"><h2>Webkiosk<\/h2><p style=\"text-align: center;\"><a href=\"\/es\/contactenos\/\"><button class=\"btn btn-lg btn-demo-wk center-block\">Demo<\/button><\/a> <a href=\"\/es\/webkiosk\/presupuesto\/\"><button class=\"btn btn-lg btn-devis-wk center-block\">Presupuesto<\/button><\/a><\/p>\n<\/div><\/div><\/div><div class=\"col-md-4 contact text-default\" ><div class=\"service_teaser vertical\"><div class=\"service_photo\"><a href=\"https:\/\/www.aesis-conseil.com\/es\/contacto\/\" title=\"Contacto\" target=\"\"><figure style=\"background-image:url(https:\/\/www.aesis-conseil.com\/wp-content\/uploads\/2017\/04\/contact.jpg)\"><\/figure><\/a><\/div><div class=\"service_details\"><h2>Contactar<\/h2><p style=\"text-align: center;\"><a href=\"\/es\/contactenos\/\" rel=\"noopener noreferrer\"><button class=\"btn btn-lg btn-folio center-block btn-contact\">Cont\u00e1ctenos<\/button><\/a><\/p>\n<\/div><\/div><\/div><div class=\"col-md-4  text-default\" ><div class=\"team_member office_address\"><img decoding=\"async\" src=\"https:\/\/www.aesis-conseil.com\/wp-content\/uploads\/2015\/04\/logo_final_aesis_court.png\"  alt=\"\"><small><\/small><br><br><p>AESIS Conseil SARL<br \/>\nParc de l\u2019Arboretum, imm. A1<br \/>\n73 rue de Saint-Mandrier<br \/>\nZ.A. de la Millonne<br \/>\n83140 Six-Fours &#8211; France<\/p>\n<p>T\u00e9l.: +33 (0)4 89 81 43 43<\/p>\n<\/div><\/div>  <\/div>  <\/div><\/section><section id=\"\"  class=\"light\"> <div class=\"container\">  <div class=\"row\"><div class=\"col-md-12  text-default\" >[vc_separator][vc_column_text el_class=\u00bbcnil\u00bb]La informaci\u00f3n recopilada est\u00e1 sujeta a un procesamiento inform\u00e1tico para mejorar nuestros servicios a los clientes actuales y potenciales. El destinatario de los datos es Aesis Conseil SARL. De conformidad con la Ley \u00abInform\u00e1tica y Libertades\u00bb, de 6 de enero de 1978, modificada en 2004, usted tiene derecho de acceso y rectificaci\u00f3n a la informaci\u00f3n que le concierne, que puede ejercer enviando un correo a la direcci\u00f3n cnil arobase&gt; aesis-conseil point&gt; com. Tambi\u00e9n puede oponerse, por motivos leg\u00edtimos, al tratamiento de los datos que le conciernen.[\/vc_column_text]<\/div>  <\/div>  <\/div><\/section>\n","protected":false},"excerpt":{"rendered":"WebkioskDemo Presupuesto ContactarCont\u00e1ctenos AESIS Conseil SARL Parc de l\u2019Arboretum, imm. A1 73 rue de Saint-Mandrier Z.A. de la Millonne 83140 Six-Fours - France T\u00e9l.: +33 (0)4 89 81 43 43 [vc_separator][vc_column_text el_class=\"cnil\"]La informaci\u00f3n recopilada est\u00e1 sujeta a un procesamiento inform\u00e1tico para mejorar nuestros servicios a los clientes actuales y potenciales. El destinatario de los datos [...]<a target=\"_blank\" href=\"https:\/\/www.aesis-conseil.com\/es\/contacto\/\"> Lire la suite<\/a>","protected":false},"author":3,"featured_media":0,"parent":0,"menu_order":0,"comment_status":"closed","ping_status":"closed","template":"","meta":{"footnotes":""},"class_list":["post-5518","page","type-page","status-publish","hentry"],"yoast_head":"<!-- This site is optimized with the Yoast SEO plugin v27.5 - https:\/\/yoast.com\/product\/yoast-seo-wordpress\/ -->\n<title>Contacto - Aesis Conseil<\/title>\n<meta name=\"robots\" content=\"index, follow, max-snippet:-1, max-image-preview:large, max-video-preview:-1\" \/>\n<link rel=\"canonical\" href=\"https:\/\/www.aesis-conseil.com\/es\/contacto\/\" \/>\n<meta property=\"og:locale\" content=\"es_ES\" \/>\n<meta property=\"og:type\" content=\"article\" \/>\n<meta property=\"og:title\" content=\"Contacto - Aesis Conseil\" \/>\n<meta property=\"og:url\" content=\"https:\/\/www.aesis-conseil.com\/es\/contacto\/\" \/>\n<meta property=\"og:site_name\" content=\"Aesis Conseil\" \/>\n<meta property=\"article:publisher\" content=\"https:\/\/fr-fr.facebook.com\/aesisconseil\" \/>\n<meta property=\"article:modified_time\" content=\"2022-12-13T15:43:26+00:00\" \/>\n<meta property=\"og:image\" content=\"https:\/\/www.aesis-conseil.com\/wp-content\/uploads\/2015\/04\/logo_final_aesis_court.png\" \/>\n\t<meta property=\"og:image:width\" content=\"127\" \/>\n\t<meta property=\"og:image:height\" content=\"90\" \/>\n\t<meta property=\"og:image:type\" content=\"image\/png\" \/>\n<meta name=\"twitter:card\" content=\"summary_large_image\" \/>\n<meta name=\"twitter:site\" content=\"@aesisconseil\" \/>\n<meta name=\"twitter:label1\" content=\"Tiempo de lectura\" \/>\n\t<meta name=\"twitter:data1\" content=\"1 minuto\" \/>\n<script type=\"application\/ld+json\" class=\"yoast-schema-graph\">{\"@context\":\"https:\\\/\\\/schema.org\",\"@graph\":[{\"@type\":\"WebPage\",\"@id\":\"https:\\\/\\\/www.aesis-conseil.com\\\/es\\\/contacto\\\/\",\"url\":\"https:\\\/\\\/www.aesis-conseil.com\\\/es\\\/contacto\\\/\",\"name\":\"Contacto - Aesis Conseil\",\"isPartOf\":{\"@id\":\"https:\\\/\\\/www.aesis-conseil.com\\\/#website\"},\"datePublished\":\"2017-04-25T08:08:16+00:00\",\"dateModified\":\"2022-12-13T15:43:26+00:00\",\"breadcrumb\":{\"@id\":\"https:\\\/\\\/www.aesis-conseil.com\\\/es\\\/contacto\\\/#breadcrumb\"},\"inLanguage\":\"es\",\"potentialAction\":[{\"@type\":\"ReadAction\",\"target\":[\"https:\\\/\\\/www.aesis-conseil.com\\\/es\\\/contacto\\\/\"]}]},{\"@type\":\"BreadcrumbList\",\"@id\":\"https:\\\/\\\/www.aesis-conseil.com\\\/es\\\/contacto\\\/#breadcrumb\",\"itemListElement\":[{\"@type\":\"ListItem\",\"position\":1,\"name\":\"Accueil\",\"item\":\"https:\\\/\\\/www.aesis-conseil.com\\\/es\\\/\"},{\"@type\":\"ListItem\",\"position\":2,\"name\":\"Contacto\"}]},{\"@type\":\"WebSite\",\"@id\":\"https:\\\/\\\/www.aesis-conseil.com\\\/#website\",\"url\":\"https:\\\/\\\/www.aesis-conseil.com\\\/\",\"name\":\"Aesis Conseil\",\"description\":\"Partenaire dans un monde ouvert\",\"publisher\":{\"@id\":\"https:\\\/\\\/www.aesis-conseil.com\\\/#organization\"},\"potentialAction\":[{\"@type\":\"SearchAction\",\"target\":{\"@type\":\"EntryPoint\",\"urlTemplate\":\"https:\\\/\\\/www.aesis-conseil.com\\\/?s={search_term_string}\"},\"query-input\":{\"@type\":\"PropertyValueSpecification\",\"valueRequired\":true,\"valueName\":\"search_term_string\"}}],\"inLanguage\":\"es\"},{\"@type\":\"Organization\",\"@id\":\"https:\\\/\\\/www.aesis-conseil.com\\\/#organization\",\"name\":\"Aesis Conseil\",\"url\":\"https:\\\/\\\/www.aesis-conseil.com\\\/\",\"logo\":{\"@type\":\"ImageObject\",\"inLanguage\":\"es\",\"@id\":\"https:\\\/\\\/www.aesis-conseil.com\\\/#\\\/schema\\\/logo\\\/image\\\/\",\"url\":\"https:\\\/\\\/www.aesis-conseil.com\\\/wp-content\\\/uploads\\\/2015\\\/04\\\/logo_final_aesis_court.png\",\"contentUrl\":\"https:\\\/\\\/www.aesis-conseil.com\\\/wp-content\\\/uploads\\\/2015\\\/04\\\/logo_final_aesis_court.png\",\"width\":127,\"height\":90,\"caption\":\"Aesis Conseil\"},\"image\":{\"@id\":\"https:\\\/\\\/www.aesis-conseil.com\\\/#\\\/schema\\\/logo\\\/image\\\/\"},\"sameAs\":[\"https:\\\/\\\/fr-fr.facebook.com\\\/aesisconseil\",\"https:\\\/\\\/x.com\\\/aesisconseil\",\"https:\\\/\\\/www.linkedin.com\\\/company\\\/aesis-conseil\",\"https:\\\/\\\/www.youtube.com\\\/@aesisconseil5360\"]}]}<\/script>\n<!-- \/ Yoast SEO plugin. -->","yoast_head_json":{"title":"Contacto - Aesis Conseil","robots":{"index":"index","follow":"follow","max-snippet":"max-snippet:-1","max-image-preview":"max-image-preview:large","max-video-preview":"max-video-preview:-1"},"canonical":"https:\/\/www.aesis-conseil.com\/es\/contacto\/","og_locale":"es_ES","og_type":"article","og_title":"Contacto - Aesis Conseil","og_url":"https:\/\/www.aesis-conseil.com\/es\/contacto\/","og_site_name":"Aesis Conseil","article_publisher":"https:\/\/fr-fr.facebook.com\/aesisconseil","article_modified_time":"2022-12-13T15:43:26+00:00","og_image":[{"width":127,"height":90,"url":"https:\/\/www.aesis-conseil.com\/wp-content\/uploads\/2015\/04\/logo_final_aesis_court.png","type":"image\/png"}],"twitter_card":"summary_large_image","twitter_site":"@aesisconseil","twitter_misc":{"Tiempo de lectura":"1 minuto"},"schema":{"@context":"https:\/\/schema.org","@graph":[{"@type":"WebPage","@id":"https:\/\/www.aesis-conseil.com\/es\/contacto\/","url":"https:\/\/www.aesis-conseil.com\/es\/contacto\/","name":"Contacto - Aesis Conseil","isPartOf":{"@id":"https:\/\/www.aesis-conseil.com\/#website"},"datePublished":"2017-04-25T08:08:16+00:00","dateModified":"2022-12-13T15:43:26+00:00","breadcrumb":{"@id":"https:\/\/www.aesis-conseil.com\/es\/contacto\/#breadcrumb"},"inLanguage":"es","potentialAction":[{"@type":"ReadAction","target":["https:\/\/www.aesis-conseil.com\/es\/contacto\/"]}]},{"@type":"BreadcrumbList","@id":"https:\/\/www.aesis-conseil.com\/es\/contacto\/#breadcrumb","itemListElement":[{"@type":"ListItem","position":1,"name":"Accueil","item":"https:\/\/www.aesis-conseil.com\/es\/"},{"@type":"ListItem","position":2,"name":"Contacto"}]},{"@type":"WebSite","@id":"https:\/\/www.aesis-conseil.com\/#website","url":"https:\/\/www.aesis-conseil.com\/","name":"Aesis Conseil","description":"Partenaire dans un monde ouvert","publisher":{"@id":"https:\/\/www.aesis-conseil.com\/#organization"},"potentialAction":[{"@type":"SearchAction","target":{"@type":"EntryPoint","urlTemplate":"https:\/\/www.aesis-conseil.com\/?s={search_term_string}"},"query-input":{"@type":"PropertyValueSpecification","valueRequired":true,"valueName":"search_term_string"}}],"inLanguage":"es"},{"@type":"Organization","@id":"https:\/\/www.aesis-conseil.com\/#organization","name":"Aesis Conseil","url":"https:\/\/www.aesis-conseil.com\/","logo":{"@type":"ImageObject","inLanguage":"es","@id":"https:\/\/www.aesis-conseil.com\/#\/schema\/logo\/image\/","url":"https:\/\/www.aesis-conseil.com\/wp-content\/uploads\/2015\/04\/logo_final_aesis_court.png","contentUrl":"https:\/\/www.aesis-conseil.com\/wp-content\/uploads\/2015\/04\/logo_final_aesis_court.png","width":127,"height":90,"caption":"Aesis Conseil"},"image":{"@id":"https:\/\/www.aesis-conseil.com\/#\/schema\/logo\/image\/"},"sameAs":["https:\/\/fr-fr.facebook.com\/aesisconseil","https:\/\/x.com\/aesisconseil","https:\/\/www.linkedin.com\/company\/aesis-conseil","https:\/\/www.youtube.com\/@aesisconseil5360"]}]}},"_links":{"self":[{"href":"https:\/\/www.aesis-conseil.com\/es\/wp-json\/wp\/v2\/pages\/5518","targetHints":{"allow":["GET"]}}],"collection":[{"href":"https:\/\/www.aesis-conseil.com\/es\/wp-json\/wp\/v2\/pages"}],"about":[{"href":"https:\/\/www.aesis-conseil.com\/es\/wp-json\/wp\/v2\/types\/page"}],"author":[{"embeddable":true,"href":"https:\/\/www.aesis-conseil.com\/es\/wp-json\/wp\/v2\/users\/3"}],"replies":[{"embeddable":true,"href":"https:\/\/www.aesis-conseil.com\/es\/wp-json\/wp\/v2\/comments?post=5518"}],"version-history":[{"count":2,"href":"https:\/\/www.aesis-conseil.com\/es\/wp-json\/wp\/v2\/pages\/5518\/revisions"}],"predecessor-version":[{"id":7128,"href":"https:\/\/www.aesis-conseil.com\/es\/wp-json\/wp\/v2\/pages\/5518\/revisions\/7128"}],"wp:attachment":[{"href":"https:\/\/www.aesis-conseil.com\/es\/wp-json\/wp\/v2\/media?parent=5518"}],"curies":[{"name":"wp","href":"https:\/\/api.w.org\/{rel}","templated":true}]}}