{"id":5506,"date":"2015-12-09T11:49:08","date_gmt":"2015-12-09T10:49:08","guid":{"rendered":"https:\/\/www.aesis-conseil.com\/webkiosk\/tablettes\/"},"modified":"2024-02-27T13:09:43","modified_gmt":"2024-02-27T12:09:43","slug":"tabletas","status":"publish","type":"page","link":"https:\/\/www.aesis-conseil.com\/es\/webkiosk\/tabletas\/","title":{"rendered":"Gesti\u00f3n de tabletas Android WebKiosk"},"content":{"rendered":"<section id=\"\"  class=\"light\"> <div class=\"container\">  <div class=\"row\"><div class=\"col-md-3  text-default\" >[vc_raw_html]JTNDYSUyMGhyZWYlM0QlMjIlMkZzY3JlZW5zaG90cyUyRndlYmtpb3NrJTJGJTIyJTNFJTNDYnV0dG9uJTIwY2xhc3MlM0QlMjJidG4lMjBidG4tbGclMjBidG4tZm9saW8lMjAlMjBjZW50ZXItYmxvY2slMjIlM0VDYXB0dXJlcyUyMGQlMjclQzMlQTljcmFucyUzQyUyRmJ1dHRvbiUzRSUzQyUyRmElM0U=[\/vc_raw_html]<\/div><div class=\"col-md-3  text-default\" >[vc_raw_html]JTNDYSUyMGhyZWYlM0QlMjIlMkZjb250YWN0JTJGJTIyJTNFJTNDYnV0dG9uJTIwY2xhc3MlM0QlMjJidG4lMjBidG4tbGclMjBidG4tZGVtby13ayUyMGNlbnRlci1ibG9jayUyMiUzRURlbW8lM0MlMkZidXR0b24lM0UlM0MlMkZhJTNF[\/vc_raw_html]<\/div><div class=\"col-md-3  text-default\" >[vc_raw_html]JTNDYSUyMGhyZWYlM0QlMjIlMkZlcyUyRndlYmtpb3NrJTJGcHJlc3VwdWVzdG8lMkYlMjIlMjAlM0UlM0NidXR0b24lMjBjbGFzcyUzRCUyMmJ0biUyMGJ0bi1sZyUyMGJ0bi1kZXZpcy13ayUyMGNlbnRlci1ibG9jayUyMiUzRVByZXN1cHVlc3RvcyUzQyUyRmJ1dHRvbiUzRSUzQyUyRmElM0U=[\/vc_raw_html]<\/div><div class=\"col-md-3  text-default\" >[vc_raw_html]JTNDYSUyMGhyZWYlM0QlMjIlMkZkb2MlMkZ3ZWJraW9zayUyRmZseWVyLXdrNC1hbmRyb2lkLWZyYW5jYWlzLnBkZiUyMiUzRSUzQ2J1dHRvbiUyMGNsYXNzJTNEJTIyYnRuJTIwYnRuLWxnJTIwYnRuLXdhcm5pbmclMjAlMjBjZW50ZXItYmxvY2slMjIlM0VGb2xsZXRvJTNDJTJGYnV0dG9uJTNFJTNDJTJGYSUzRQ==[\/vc_raw_html]<\/div>  <\/div>  <\/div><\/section><section id=\"\"  class=\"light\"> <div class=\"container\">  <div class=\"row\"><div class=\"col-md-3  text-default\" >[vc_single_image image=\u00bb4106&#8243; img_size=\u00bb374&#215;299&#8243; alignment=\u00bbcenter\u00bb onclick=\u00bbcustom_link\u00bb link=\u00bbhttps:\/\/www.aesis-conseil.com\/wp-content\/uploads\/2017\/05\/1-list-tab-wk-tab.png\u00bb]<\/div><div class=\"col-md-3  text-default\" ><\/div><div class=\"col-md-6  text-default\" >[vc_separator color=\u00bbcustom\u00bb accent_color=\u00bb#18a096&#8243;][vc_raw_html]JTNDaDMlM0VEaXNmcnV0ZSUyMGRlJTIwbGFzJTIwZnVuY2lvbmVzJTIwZGUlMjBXZWJLaW9zayUzQyUyRmgzJTNF[\/vc_raw_html][vc_column_text]<\/p>\n<p class=\"lead\">WebKiosk Android es un m\u00f3dulo para su soluci\u00f3n WebKiosk. As\u00ed que ya dispone de la gesti\u00f3n de sus usuarios (con o sin sincronizaci\u00f3n SIGB), de los tiempos de conexi\u00f3n diarios y semanales, del filtrado de Internet y de los informes estad\u00edsticos.<\/p>\n<p class=\"lead\"><a href=\"https:\/\/www.aesis-conseil.com\/es\/webkiosk\/puestos-publicos\/\">\u2192 <\/a><a href=\"https:\/\/www.aesis-conseil.com\/es\/webkiosk\/puestos-publicos\/\">Recordatorio de las funcionalidades de WebKiosk 4<\/a><\/p>\n<p>[\/vc_column_text]<\/div><div class=\"col-md-12  text-default\" ><\/div>  <\/div>  <\/div><\/section><section id=\"\"  class=\"light\"> <div class=\"container\">  <div class=\"row\"><div class=\"col-md-6  text-default\" >[vc_separator color=\u00bbcustom\u00bb accent_color=\u00bb#18a096&#8243;][vc_raw_html]JTNDaDMlM0VHZXN0aSVDMyVCM24lMjB5JTIwc2VndXJpZGFkJTIwZGUlMjBsYXMlMjB0YWJsZXRhcyUyMEFuZHJvaWQlM0MlMkZoMyUzRQ==[\/vc_raw_html][vc_column_text]<\/p>\n<p class=\"lead\">Simplemente instale el agente de conexi\u00f3n WebKiosk Android : por lo tanto, sus tabletas son seguras (prohibici\u00f3n de acceso a la configuraci\u00f3n del sistema, bloqueo de aplicaciones, etc.).<\/p>\n<p>[\/vc_column_text]<\/div><div class=\"col-md-3  text-default\" ><\/div><div class=\"col-md-3  text-default\" >[vc_single_image image=\u00bb3479&#8243; img_size=\u00bb374&#215;299&#8243; alignment=\u00bbcenter\u00bb onclick=\u00bbcustom_link\u00bb el_class=\u00bbprettyphoto photogdecran\u00bb link=\u00bb\/wp-content\/uploads\/2016\/02\/2-tab-login.png\u00bb]<\/div>  <\/div>  <\/div><\/section><section id=\"\"  class=\"light\"> <div class=\"container\">  <div class=\"row\"><div class=\"col-md-3  text-default\" >[vc_single_image image=\u00bb4120&#8243; img_size=\u00bb374&#215;195&#8243; alignment=\u00bbcenter\u00bb onclick=\u00bbcustom_link\u00bb link=\u00bb\/wp-content\/uploads\/2017\/05\/3-resa-tab-wk-tab.jpg\u00bb]<\/div><div class=\"col-md-3  text-default\" ><\/div><div class=\"col-md-6  text-default\" >[vc_separator color=\u00bbcustom\u00bb accent_color=\u00bb#18a096&#8243;][vc_raw_html]JTNDaDMlM0VUYWJsZXRhcyUyMGRlJTIwbGlicmUlMjBhY2Nlc28lMjBvJTIwY29uJTIwcmVzZXJ2YSUzQyUyRmgzJTNF[\/vc_raw_html][vc_column_text]<\/p>\n<p class=\"lead\">El acceso a las aplicaciones de la tableta requiere la autenticaci\u00f3n del usuario (tanto si procede del SIGB como si no). Si el usuario ha efectuado una reserva, nadie m\u00e1s podr\u00e1 conectarse durante un cierto per\u00edodo de tiempo.<\/p>\n<p>[\/vc_column_text]<\/div>  <\/div>  <\/div><\/section><section id=\"\"  class=\"skincolored_section parallax custom-banner\" style=\"background-image:url(https:\/\/www.aesis-conseil.com\/wp-content\/uploads\/2015\/12\/tablette-livre-webkiosk-1.jpg); background-size:cover;\"> <div class=\"container\">  <div class=\"row\"><h2 class=\"section_header fancy centered\">Personalice sus fondos de pantalla<small>Le ofrecemos plantillas listas para usar que le permiten realizar sus pantallas de bienvenida personalizadas.<\/small><\/h2><div class=\"col-md-6  text-default\" >[vc_empty_space height=\u00bb40px\u00bb]<\/div><div class=\"col-md-6  text-default\" >[vc_empty_space height=\u00bb40px\u00bb]<\/div><div class=\"col-md-3  text-default\" >[vc_raw_html]JTNDYSUyMGhyZWYlM0QlMjIlMkZzY3JlZW5zaG90cyUyRndlYmtpb3NrJTJGJTIyJTIwdGFyZ2V0JTNEJTIyX2JsYW5rJTIyJTIwJTNFJTNDYnV0dG9uJTIwY2xhc3MlM0QlMjJidG4lMjBidG4tbGclMjBidG4tZm9saW8lMjAlMjBjZW50ZXItYmxvY2slMjIlM0VQYW50YWxsYXMlM0MlMkZidXR0b24lM0UlM0MlMkZhJTNF[\/vc_raw_html]<\/div><div class=\"col-md-3  text-default\" >[vc_raw_html]JTNDYSUyMGhyZWYlM0QlMjIlMkZjb250YWN0LWFlc2lzJTJGJTIyJTIwJTIwdGFyZ2V0JTNEJTIyX2JsYW5rJTIyJTNFJTNDYnV0dG9uJTIwY2xhc3MlM0QlMjJidG4lMjBidG4tbGclMjBidG4tZGVtby13ayUyMGNlbnRlci1ibG9jayUyMiUzRURlbW8lM0MlMkZidXR0b24lM0UlM0MlMkZhJTNF[\/vc_raw_html]<\/div><div class=\"col-md-3  text-default\" >[vc_raw_html]JTNDYSUyMGhyZWYlM0QlMjIlMkZlcyUyRndlYmtpb3NrJTJGdGFibGV0YXMlMkZwcmVzdXB1ZXN0byUyRiUyMiUyMCUyMHRhcmdldCUzRCUyMl9ibGFuayUyMiUzRSUzQ2J1dHRvbiUyMGNsYXNzJTNEJTIyYnRuJTIwYnRuLWxnJTIwYnRuLWRldmlzLXdrJTIwY2VudGVyLWJsb2NrJTIyJTNFUHJlc3VwdWVzdG9zJTNDJTJGYnV0dG9uJTNFJTNDJTJGYSUzRQ==[\/vc_raw_html]<\/div><div class=\"col-md-3  text-default\" >[vc_raw_html]JTNDYSUyMGhyZWYlM0QlMjIlMkZkb2MlMkZ3ZWJraW9zayUyRmZseWVyLXdrNC1hbmRyb2lkLWZyYW5jYWlzLnBkZiUyMiUyMHRhcmdldCUzRCUyMl9ibGFuayUyMiUyMCUzRSUzQ2J1dHRvbiUyMGNsYXNzJTNEJTIyYnRuJTIwYnRuLWxnJTIwYnRuLXdhcm5pbmclMjAlMjBjZW50ZXItYmxvY2slMjIlM0VGb2xsZXRvJTNDJTJGYnV0dG9uJTNFJTNDJTJGYSUzRQ==[\/vc_raw_html]<\/div>  <\/div>  <\/div><\/section><section id=\"\"  class=\"light\"> <div class=\"container\">  <div class=\"row\"><div class=\"col-md-12  text-default\" >[vc_empty_space height=\u00bb40px\u00bb]<\/div><div class=\"col-md-6  text-default\" >[vc_separator color=\u00bbcustom\u00bb accent_color=\u00bb#18a096&#8243;][vc_raw_html]JTNDaDMlM0VBcGxpY2FjaW9uZXMlMjBkZSUyMEdvb2dsZSUyMFBsYXklMjBTdG9yZSUyMCVDMiVBOSUzQyUyRmgzJTNF[\/vc_raw_html][vc_column_text]<\/p>\n<p class=\"lead\">\u00a1 Ninguna gesti\u00f3n por APK! Desde la interfaz de administraci\u00f3n de WebKiosk, puede elegir entre las aplicaciones disponibles en el cat\u00e1logo playstore de Google\u00a0\u00a9.<\/p>\n<p>[\/vc_column_text]<\/div><div class=\"col-md-3  text-default\" ><\/div><div class=\"col-md-3  text-default\" >[vc_single_image image=\u00bb4122&#8243; img_size=\u00bb374&#215;299&#8243; alignment=\u00bbcenter\u00bb onclick=\u00bbcustom_link\u00bb el_class=\u00bbprettyphoto photogdecran\u00bb link=\u00bbhttps:\/\/www.aesis-conseil.com\/wp-content\/uploads\/2017\/05\/4-app-wk-tab.png\u00bb]<\/div>  <\/div>  <\/div><\/section><section id=\"\"  class=\"light\"> <div class=\"container\">  <div class=\"row\"><div class=\"col-md-3  text-default\" >[vc_single_image image=\u00bb3556&#8243; img_size=\u00bb374&#215;299&#8243; alignment=\u00bbcenter\u00bb onclick=\u00bbcustom_link\u00bb link=\u00bb\/wp-content\/uploads\/2016\/02\/5-tab-mes-apps.png\u00bb]<\/div><div class=\"col-md-3  text-default\" ><\/div><div class=\"col-md-6  text-default\" >[vc_separator color=\u00bbcustom\u00bb accent_color=\u00bb#18a096&#8243;][vc_raw_html]JTNDaDMlM0VQZXJmaWxlcyUyMGRlJTIwYWR1bHRvcyUyQyUyMGFkb2xlc2NlbnRlcyUyMHklMjBuaSVDMyVCMW9zJTNDJTJGaDMlM0U=[\/vc_raw_html][vc_column_text]<\/p>\n<p class=\"lead\">En una misma tableta, las aplicaciones propuestas al usuario cambian en funci\u00f3n de su perfil. Elija qu\u00e9 aplicaciones asignar a qu\u00e9 perfiles en la interfaz de administraci\u00f3n<\/p>\n<p>[\/vc_column_text]<\/div>  <\/div>  <\/div><\/section><section id=\"\"  class=\"light\"> <div class=\"container\">  <div class=\"row\"><div class=\"col-md-6  text-default\" >[vc_separator color=\u00bbcustom\u00bb accent_color=\u00bb#18a096&#8243;][vc_raw_html]JTNDaDMlM0VJbnRlcnZlbmNpJUMzJUIzbiUyMGRlbCUyMHNvcG9ydGUlMjBlbiUyMGNhZGElMjB0YWJsZXQlM0MlMkZoMyUzRQ==[\/vc_raw_html][vc_column_text]<\/p>\n<p class=\"lead\">Si lo solicita &#8211; y solo en este caso &#8211; el soporte t\u00e9cnico de Aesis Conseil interviene en el mantenimiento directamente en cualquiera de sus tabletas.<\/p>\n<p>[\/vc_column_text]<\/div><div class=\"col-md-3  text-default\" ><\/div><div class=\"col-md-3  text-default\" >[vc_single_image image=\u00bb3486&#8243; img_size=\u00bb374&#215;299&#8243; alignment=\u00bbcenter\u00bb]<\/div>  <\/div>  <\/div><\/section><section id=\"\"  class=\"skincolored_section parallax custom-banner\" style=\"background-image:url(https:\/\/www.aesis-conseil.com\/wp-content\/uploads\/2020\/04\/Eleves-aide-tablette-salle-classe-Freepik.jpg); background-size:cover;\"> <div class=\"container\">  <div class=\"row\"><h2 class=\"section_header fancy centered\">WebKiosk Android se lo entrega pre-configurado<small>Antes de la instalaci\u00f3n, nos encargamos de recoger sus necesidades para realizar una parametrizaci\u00f3n a medida. A continuaci\u00f3n, puede modificar los par\u00e1metros que desee.<\/small><\/h2><div class=\"col-md-6  text-default\" >[vc_empty_space height=\u00bb40px\u00bb]<\/div><div class=\"col-md-6  text-default\" >[vc_empty_space height=\u00bb40px\u00bb]<\/div><div class=\"col-md-3  text-default\" >[vc_raw_html]JTNDYSUyMGhyZWYlM0QlMjIlMkZzY3JlZW5zaG90cyUyRndlYmtpb3NrJTJGJTIyJTIwdGFyZ2V0JTNEJTIyX2JsYW5rJTIyJTIwJTNFJTNDYnV0dG9uJTIwY2xhc3MlM0QlMjJidG4lMjBidG4tbGclMjBidG4tZm9saW8lMjAlMjBjZW50ZXItYmxvY2slMjIlM0VQYW50YWxsYXMlM0MlMkZidXR0b24lM0UlM0MlMkZhJTNF[\/vc_raw_html]<\/div><div class=\"col-md-3  text-default\" >[vc_raw_html]JTNDYSUyMGhyZWYlM0QlMjIlMkZjb250YWN0LWFlc2lzJTJGJTIyJTIwJTIwdGFyZ2V0JTNEJTIyX2JsYW5rJTIyJTNFJTNDYnV0dG9uJTIwY2xhc3MlM0QlMjJidG4lMjBidG4tbGclMjBidG4tZGVtby13ayUyMGNlbnRlci1ibG9jayUyMiUzRURlbW8lM0MlMkZidXR0b24lM0UlM0MlMkZhJTNF[\/vc_raw_html]<\/div><div class=\"col-md-3  text-default\" >[vc_raw_html]JTNDYSUyMGhyZWYlM0QlMjIlMkZlcyUyRndlYmtpb3NrJTJGdGFibGV0YXMlMkZwcmVzdXB1ZXN0byUyRiUyMiUyMCUyMHRhcmdldCUzRCUyMl9ibGFuayUyMiUzRSUzQ2J1dHRvbiUyMGNsYXNzJTNEJTIyYnRuJTIwYnRuLWxnJTIwYnRuLWRldmlzLXdrJTIwY2VudGVyLWJsb2NrJTIyJTNFUHJlc3VwdWVzdG9zJTNDJTJGYnV0dG9uJTNFJTNDJTJGYSUzRQ==[\/vc_raw_html]<\/div><div class=\"col-md-3  text-default\" >[vc_raw_html]JTNDYSUyMGhyZWYlM0QlMjIlMkZkb2MlMkZ3ZWJraW9zayUyRmZseWVyLXdrNC1hbmRyb2lkLWZyYW5jYWlzLnBkZiUyMiUyMHRhcmdldCUzRCUyMl9ibGFuayUyMiUyMCUzRSUzQ2J1dHRvbiUyMGNsYXNzJTNEJTIyYnRuJTIwYnRuLWxnJTIwYnRuLXdhcm5pbmclMjAlMjBjZW50ZXItYmxvY2slMjIlM0VGb2xsZXRvJTNDJTJGYnV0dG9uJTNFJTNDJTJGYSUzRQ==[\/vc_raw_html]<\/div>  <\/div>  <\/div><\/section>\n","protected":false},"excerpt":{"rendered":"[vc_raw_html]JTNDYSUyMGhyZWYlM0QlMjIlMkZzY3JlZW5zaG90cyUyRndlYmtpb3NrJTJGJTIyJTNFJTNDYnV0dG9uJTIwY2xhc3MlM0QlMjJidG4lMjBidG4tbGclMjBidG4tZm9saW8lMjAlMjBjZW50ZXItYmxvY2slMjIlM0VDYXB0dXJlcyUyMGQlMjclQzMlQTljcmFucyUzQyUyRmJ1dHRvbiUzRSUzQyUyRmElM0U=[\/vc_raw_html][vc_raw_html]JTNDYSUyMGhyZWYlM0QlMjIlMkZjb250YWN0JTJGJTIyJTNFJTNDYnV0dG9uJTIwY2xhc3MlM0QlMjJidG4lMjBidG4tbGclMjBidG4tZGVtby13ayUyMGNlbnRlci1ibG9jayUyMiUzRURlbW8lM0MlMkZidXR0b24lM0UlM0MlMkZhJTNF[\/vc_raw_html][vc_raw_html]JTNDYSUyMGhyZWYlM0QlMjIlMkZlcyUyRndlYmtpb3NrJTJGcHJlc3VwdWVzdG8lMkYlMjIlMjAlM0UlM0NidXR0b24lMjBjbGFzcyUzRCUyMmJ0biUyMGJ0bi1sZyUyMGJ0bi1kZXZpcy13ayUyMGNlbnRlci1ibG9jayUyMiUzRVByZXN1cHVlc3RvcyUzQyUyRmJ1dHRvbiUzRSUzQyUyRmElM0U=[\/vc_raw_html][vc_raw_html]JTNDYSUyMGhyZWYlM0QlMjIlMkZkb2MlMkZ3ZWJraW9zayUyRmZseWVyLXdrNC1hbmRyb2lkLWZyYW5jYWlzLnBkZiUyMiUzRSUzQ2J1dHRvbiUyMGNsYXNzJTNEJTIyYnRuJTIwYnRuLWxnJTIwYnRuLXdhcm5pbmclMjAlMjBjZW50ZXItYmxvY2slMjIlM0VGb2xsZXRvJTNDJTJGYnV0dG9uJTNFJTNDJTJGYSUzRQ==[\/vc_raw_html] [vc_single_image image=\"4106\" img_size=\"374x299\" alignment=\"center\" onclick=\"custom_link\" link=\"https:\/\/www.aesis-conseil.com\/wp-content\/uploads\/2017\/05\/1-list-tab-wk-tab.png\"][vc_separator color=\"custom\" accent_color=\"#18a096\"][vc_raw_html]JTNDaDMlM0VEaXNmcnV0ZSUyMGRlJTIwbGFzJTIwZnVuY2lvbmVzJTIwZGUlMjBXZWJLaW9zayUzQyUyRmgzJTNF[\/vc_raw_html][vc_column_text] WebKiosk Android es un m\u00f3dulo para su soluci\u00f3n WebKiosk. As\u00ed que ya dispone de la gesti\u00f3n de sus usuarios (con o sin sincronizaci\u00f3n SIGB), de los tiempos de conexi\u00f3n diarios y semanales, del filtrado de Internet y de los informes estad\u00edsticos. \u2192 Recordatorio de las funcionalidades [...]<a target=\"_blank\" href=\"https:\/\/www.aesis-conseil.com\/es\/webkiosk\/tabletas\/\"> Lire la suite<\/a>","protected":false},"author":1,"featured_media":6220,"parent":5484,"menu_order":0,"comment_status":"closed","ping_status":"closed","template":"","meta":{"footnotes":""},"class_list":["post-5506","page","type-page","status-publish","has-post-thumbnail","hentry"],"yoast_head":"<!-- This site is optimized with the Yoast SEO plugin v27.4 - https:\/\/yoast.com\/product\/yoast-seo-wordpress\/ -->\n<title>Gesti\u00f3n de tabletas Android WebKiosk - Aesis Conseil<\/title>\n<meta name=\"description\" content=\"WebKiosk est une solution de gestion et de s\u00e9curisation des tablettes Android et du filtrage Internet\/Wifi pour les EPN, biblioth\u00e8ques et m\u00e9diath\u00e8ques.\" \/>\n<meta name=\"robots\" content=\"index, follow, max-snippet:-1, max-image-preview:large, max-video-preview:-1\" \/>\n<link rel=\"canonical\" href=\"https:\/\/www.aesis-conseil.com\/es\/webkiosk\/tabletas\/\" \/>\n<meta property=\"og:locale\" content=\"es_ES\" \/>\n<meta property=\"og:type\" content=\"article\" \/>\n<meta property=\"og:title\" content=\"Gesti\u00f3n de tabletas Android WebKiosk - Aesis Conseil\" \/>\n<meta property=\"og:description\" content=\"WebKiosk est une solution de gestion et de s\u00e9curisation des tablettes Android et du filtrage Internet\/Wifi pour les EPN, biblioth\u00e8ques et m\u00e9diath\u00e8ques.\" \/>\n<meta property=\"og:url\" content=\"https:\/\/www.aesis-conseil.com\/es\/webkiosk\/tabletas\/\" \/>\n<meta property=\"og:site_name\" content=\"Aesis Conseil\" \/>\n<meta property=\"article:publisher\" content=\"https:\/\/fr-fr.facebook.com\/aesisconseil\" \/>\n<meta property=\"article:modified_time\" content=\"2024-02-27T12:09:43+00:00\" \/>\n<meta property=\"og:image\" content=\"https:\/\/www.aesis-conseil.com\/wp-content\/uploads\/2020\/04\/tablette-et-poste-fixe.jpg\" \/>\n\t<meta property=\"og:image:width\" content=\"1920\" \/>\n\t<meta property=\"og:image:height\" content=\"800\" \/>\n\t<meta property=\"og:image:type\" content=\"image\/jpeg\" \/>\n<meta name=\"twitter:card\" content=\"summary_large_image\" \/>\n<meta name=\"twitter:site\" content=\"@aesisconseil\" \/>\n<meta name=\"twitter:label1\" content=\"Tiempo de lectura\" \/>\n\t<meta name=\"twitter:data1\" content=\"2 minutos\" \/>\n<script type=\"application\/ld+json\" class=\"yoast-schema-graph\">{\"@context\":\"https:\\\/\\\/schema.org\",\"@graph\":[{\"@type\":\"WebPage\",\"@id\":\"https:\\\/\\\/www.aesis-conseil.com\\\/es\\\/webkiosk\\\/tabletas\\\/\",\"url\":\"https:\\\/\\\/www.aesis-conseil.com\\\/es\\\/webkiosk\\\/tabletas\\\/\",\"name\":\"Gesti\u00f3n de tabletas Android WebKiosk - Aesis Conseil\",\"isPartOf\":{\"@id\":\"https:\\\/\\\/www.aesis-conseil.com\\\/#website\"},\"primaryImageOfPage\":{\"@id\":\"https:\\\/\\\/www.aesis-conseil.com\\\/es\\\/webkiosk\\\/tabletas\\\/#primaryimage\"},\"image\":{\"@id\":\"https:\\\/\\\/www.aesis-conseil.com\\\/es\\\/webkiosk\\\/tabletas\\\/#primaryimage\"},\"thumbnailUrl\":\"https:\\\/\\\/www.aesis-conseil.com\\\/wp-content\\\/uploads\\\/2020\\\/04\\\/tablette-et-poste-fixe.jpg\",\"datePublished\":\"2015-12-09T10:49:08+00:00\",\"dateModified\":\"2024-02-27T12:09:43+00:00\",\"description\":\"WebKiosk est une solution de gestion et de s\u00e9curisation des tablettes Android et du filtrage Internet\\\/Wifi pour les EPN, biblioth\u00e8ques et m\u00e9diath\u00e8ques.\",\"breadcrumb\":{\"@id\":\"https:\\\/\\\/www.aesis-conseil.com\\\/es\\\/webkiosk\\\/tabletas\\\/#breadcrumb\"},\"inLanguage\":\"es\",\"potentialAction\":[{\"@type\":\"ReadAction\",\"target\":[\"https:\\\/\\\/www.aesis-conseil.com\\\/es\\\/webkiosk\\\/tabletas\\\/\"]}]},{\"@type\":\"ImageObject\",\"inLanguage\":\"es\",\"@id\":\"https:\\\/\\\/www.aesis-conseil.com\\\/es\\\/webkiosk\\\/tabletas\\\/#primaryimage\",\"url\":\"https:\\\/\\\/www.aesis-conseil.com\\\/wp-content\\\/uploads\\\/2020\\\/04\\\/tablette-et-poste-fixe.jpg\",\"contentUrl\":\"https:\\\/\\\/www.aesis-conseil.com\\\/wp-content\\\/uploads\\\/2020\\\/04\\\/tablette-et-poste-fixe.jpg\",\"width\":1920,\"height\":800},{\"@type\":\"BreadcrumbList\",\"@id\":\"https:\\\/\\\/www.aesis-conseil.com\\\/es\\\/webkiosk\\\/tabletas\\\/#breadcrumb\",\"itemListElement\":[{\"@type\":\"ListItem\",\"position\":1,\"name\":\"Accueil\",\"item\":\"https:\\\/\\\/www.aesis-conseil.com\\\/es\\\/\"},{\"@type\":\"ListItem\",\"position\":2,\"name\":\"Webkiosk\",\"item\":\"https:\\\/\\\/www.aesis-conseil.com\\\/es\\\/webkiosk\\\/\"},{\"@type\":\"ListItem\",\"position\":3,\"name\":\"Gesti\u00f3n de tabletas Android WebKiosk\"}]},{\"@type\":\"WebSite\",\"@id\":\"https:\\\/\\\/www.aesis-conseil.com\\\/#website\",\"url\":\"https:\\\/\\\/www.aesis-conseil.com\\\/\",\"name\":\"Aesis Conseil\",\"description\":\"Partenaire dans un monde ouvert\",\"publisher\":{\"@id\":\"https:\\\/\\\/www.aesis-conseil.com\\\/#organization\"},\"potentialAction\":[{\"@type\":\"SearchAction\",\"target\":{\"@type\":\"EntryPoint\",\"urlTemplate\":\"https:\\\/\\\/www.aesis-conseil.com\\\/?s={search_term_string}\"},\"query-input\":{\"@type\":\"PropertyValueSpecification\",\"valueRequired\":true,\"valueName\":\"search_term_string\"}}],\"inLanguage\":\"es\"},{\"@type\":\"Organization\",\"@id\":\"https:\\\/\\\/www.aesis-conseil.com\\\/#organization\",\"name\":\"Aesis Conseil\",\"url\":\"https:\\\/\\\/www.aesis-conseil.com\\\/\",\"logo\":{\"@type\":\"ImageObject\",\"inLanguage\":\"es\",\"@id\":\"https:\\\/\\\/www.aesis-conseil.com\\\/#\\\/schema\\\/logo\\\/image\\\/\",\"url\":\"https:\\\/\\\/www.aesis-conseil.com\\\/wp-content\\\/uploads\\\/2015\\\/04\\\/logo_final_aesis_court.png\",\"contentUrl\":\"https:\\\/\\\/www.aesis-conseil.com\\\/wp-content\\\/uploads\\\/2015\\\/04\\\/logo_final_aesis_court.png\",\"width\":127,\"height\":90,\"caption\":\"Aesis Conseil\"},\"image\":{\"@id\":\"https:\\\/\\\/www.aesis-conseil.com\\\/#\\\/schema\\\/logo\\\/image\\\/\"},\"sameAs\":[\"https:\\\/\\\/fr-fr.facebook.com\\\/aesisconseil\",\"https:\\\/\\\/x.com\\\/aesisconseil\",\"https:\\\/\\\/www.linkedin.com\\\/company\\\/aesis-conseil\",\"https:\\\/\\\/www.youtube.com\\\/@aesisconseil5360\"]}]}<\/script>\n<!-- \/ Yoast SEO plugin. -->","yoast_head_json":{"title":"Gesti\u00f3n de tabletas Android WebKiosk - Aesis Conseil","description":"WebKiosk est une solution de gestion et de s\u00e9curisation des tablettes Android et du filtrage Internet\/Wifi pour les EPN, biblioth\u00e8ques et m\u00e9diath\u00e8ques.","robots":{"index":"index","follow":"follow","max-snippet":"max-snippet:-1","max-image-preview":"max-image-preview:large","max-video-preview":"max-video-preview:-1"},"canonical":"https:\/\/www.aesis-conseil.com\/es\/webkiosk\/tabletas\/","og_locale":"es_ES","og_type":"article","og_title":"Gesti\u00f3n de tabletas Android WebKiosk - Aesis Conseil","og_description":"WebKiosk est une solution de gestion et de s\u00e9curisation des tablettes Android et du filtrage Internet\/Wifi pour les EPN, biblioth\u00e8ques et m\u00e9diath\u00e8ques.","og_url":"https:\/\/www.aesis-conseil.com\/es\/webkiosk\/tabletas\/","og_site_name":"Aesis Conseil","article_publisher":"https:\/\/fr-fr.facebook.com\/aesisconseil","article_modified_time":"2024-02-27T12:09:43+00:00","og_image":[{"width":1920,"height":800,"url":"https:\/\/www.aesis-conseil.com\/wp-content\/uploads\/2020\/04\/tablette-et-poste-fixe.jpg","type":"image\/jpeg"}],"twitter_card":"summary_large_image","twitter_site":"@aesisconseil","twitter_misc":{"Tiempo de lectura":"2 minutos"},"schema":{"@context":"https:\/\/schema.org","@graph":[{"@type":"WebPage","@id":"https:\/\/www.aesis-conseil.com\/es\/webkiosk\/tabletas\/","url":"https:\/\/www.aesis-conseil.com\/es\/webkiosk\/tabletas\/","name":"Gesti\u00f3n de tabletas Android WebKiosk - Aesis Conseil","isPartOf":{"@id":"https:\/\/www.aesis-conseil.com\/#website"},"primaryImageOfPage":{"@id":"https:\/\/www.aesis-conseil.com\/es\/webkiosk\/tabletas\/#primaryimage"},"image":{"@id":"https:\/\/www.aesis-conseil.com\/es\/webkiosk\/tabletas\/#primaryimage"},"thumbnailUrl":"https:\/\/www.aesis-conseil.com\/wp-content\/uploads\/2020\/04\/tablette-et-poste-fixe.jpg","datePublished":"2015-12-09T10:49:08+00:00","dateModified":"2024-02-27T12:09:43+00:00","description":"WebKiosk est une solution de gestion et de s\u00e9curisation des tablettes Android et du filtrage Internet\/Wifi pour les EPN, biblioth\u00e8ques et m\u00e9diath\u00e8ques.","breadcrumb":{"@id":"https:\/\/www.aesis-conseil.com\/es\/webkiosk\/tabletas\/#breadcrumb"},"inLanguage":"es","potentialAction":[{"@type":"ReadAction","target":["https:\/\/www.aesis-conseil.com\/es\/webkiosk\/tabletas\/"]}]},{"@type":"ImageObject","inLanguage":"es","@id":"https:\/\/www.aesis-conseil.com\/es\/webkiosk\/tabletas\/#primaryimage","url":"https:\/\/www.aesis-conseil.com\/wp-content\/uploads\/2020\/04\/tablette-et-poste-fixe.jpg","contentUrl":"https:\/\/www.aesis-conseil.com\/wp-content\/uploads\/2020\/04\/tablette-et-poste-fixe.jpg","width":1920,"height":800},{"@type":"BreadcrumbList","@id":"https:\/\/www.aesis-conseil.com\/es\/webkiosk\/tabletas\/#breadcrumb","itemListElement":[{"@type":"ListItem","position":1,"name":"Accueil","item":"https:\/\/www.aesis-conseil.com\/es\/"},{"@type":"ListItem","position":2,"name":"Webkiosk","item":"https:\/\/www.aesis-conseil.com\/es\/webkiosk\/"},{"@type":"ListItem","position":3,"name":"Gesti\u00f3n de tabletas Android WebKiosk"}]},{"@type":"WebSite","@id":"https:\/\/www.aesis-conseil.com\/#website","url":"https:\/\/www.aesis-conseil.com\/","name":"Aesis Conseil","description":"Partenaire dans un monde ouvert","publisher":{"@id":"https:\/\/www.aesis-conseil.com\/#organization"},"potentialAction":[{"@type":"SearchAction","target":{"@type":"EntryPoint","urlTemplate":"https:\/\/www.aesis-conseil.com\/?s={search_term_string}"},"query-input":{"@type":"PropertyValueSpecification","valueRequired":true,"valueName":"search_term_string"}}],"inLanguage":"es"},{"@type":"Organization","@id":"https:\/\/www.aesis-conseil.com\/#organization","name":"Aesis Conseil","url":"https:\/\/www.aesis-conseil.com\/","logo":{"@type":"ImageObject","inLanguage":"es","@id":"https:\/\/www.aesis-conseil.com\/#\/schema\/logo\/image\/","url":"https:\/\/www.aesis-conseil.com\/wp-content\/uploads\/2015\/04\/logo_final_aesis_court.png","contentUrl":"https:\/\/www.aesis-conseil.com\/wp-content\/uploads\/2015\/04\/logo_final_aesis_court.png","width":127,"height":90,"caption":"Aesis Conseil"},"image":{"@id":"https:\/\/www.aesis-conseil.com\/#\/schema\/logo\/image\/"},"sameAs":["https:\/\/fr-fr.facebook.com\/aesisconseil","https:\/\/x.com\/aesisconseil","https:\/\/www.linkedin.com\/company\/aesis-conseil","https:\/\/www.youtube.com\/@aesisconseil5360"]}]}},"_links":{"self":[{"href":"https:\/\/www.aesis-conseil.com\/es\/wp-json\/wp\/v2\/pages\/5506","targetHints":{"allow":["GET"]}}],"collection":[{"href":"https:\/\/www.aesis-conseil.com\/es\/wp-json\/wp\/v2\/pages"}],"about":[{"href":"https:\/\/www.aesis-conseil.com\/es\/wp-json\/wp\/v2\/types\/page"}],"author":[{"embeddable":true,"href":"https:\/\/www.aesis-conseil.com\/es\/wp-json\/wp\/v2\/users\/1"}],"replies":[{"embeddable":true,"href":"https:\/\/www.aesis-conseil.com\/es\/wp-json\/wp\/v2\/comments?post=5506"}],"version-history":[{"count":3,"href":"https:\/\/www.aesis-conseil.com\/es\/wp-json\/wp\/v2\/pages\/5506\/revisions"}],"predecessor-version":[{"id":7662,"href":"https:\/\/www.aesis-conseil.com\/es\/wp-json\/wp\/v2\/pages\/5506\/revisions\/7662"}],"up":[{"embeddable":true,"href":"https:\/\/www.aesis-conseil.com\/es\/wp-json\/wp\/v2\/pages\/5484"}],"wp:featuredmedia":[{"embeddable":true,"href":"https:\/\/www.aesis-conseil.com\/es\/wp-json\/wp\/v2\/media\/6220"}],"wp:attachment":[{"href":"https:\/\/www.aesis-conseil.com\/es\/wp-json\/wp\/v2\/media?parent=5506"}],"curies":[{"name":"wp","href":"https:\/\/api.w.org\/{rel}","templated":true}]}}