{"id":5432,"date":"2014-08-25T12:37:34","date_gmt":"2014-08-25T12:37:34","guid":{"rendered":"https:\/\/www.aesis-conseil.com\/societe\/equipe\/"},"modified":"2020-11-13T10:56:40","modified_gmt":"2020-11-13T09:56:40","slug":"equipo","status":"publish","type":"page","link":"https:\/\/www.aesis-conseil.com\/es\/empresa\/equipo\/","title":{"rendered":"Nuestro equipo"},"content":{"rendered":"<section id=\"\"  class=\"light\"> <div class=\"container\">  <div class=\"row\"><h2 class=\"section_header fancy centered\">Direcci\u00f3n<\/h2><div class=\"col-md-12  text-default\" ><div class=\"team_members\">\n     <div class=\"row\">\n          <div class=\"col-sm-6 col-md-6\">\n               <div class=\"team_member\">\n                    <figure style=\"background-image: url(https:\/\/www.aesis-conseil.com\/wp-content\/uploads\/2015\/11\/Marco.png)\"><img decoding=\"async\" src=\"https:\/\/www.aesis-conseil.com\/wp-content\/uploads\/2015\/11\/Marco.png\" alt=\"Marco\"\/><\/figure>\n                    <h5>Marco<\/h5>\n                    <small>Director<\/small>\n                    <hr><div class=\"team_social\"><\/div>                                   <\/div>\n          <\/div>\n          <div class=\"col-sm-6 col-md-6\">\n               <div class=\"team_member\">\n                    <figure style=\"background-image: url(https:\/\/www.aesis-conseil.com\/wp-content\/uploads\/2015\/11\/Franck.png)\"><img decoding=\"async\" src=\"https:\/\/www.aesis-conseil.com\/wp-content\/uploads\/2015\/11\/Franck.png\" alt=\"Franck\"\/><\/figure>\n                    <h5>Franck<\/h5>\n                    <small>Director<\/small>\n                    <hr><div class=\"team_social\"><\/div>                                   <\/div>\n          <\/div>\n    <\/div>\n<\/div><\/div>  <\/div>  <\/div><\/section><section id=\"\"  class=\"light\"> <div class=\"container\">  <div class=\"row\"><h2 class=\"section_header fancy centered\">Desarrollo<\/h2><div class=\"col-md-12  text-default\" ><div class=\"team_members\">\n     <div class=\"row\">\n          <div class=\"col-sm-6 col-md-6\">\n               <div class=\"team_member\">\n                    <figure style=\"background-image: url(https:\/\/www.aesis-conseil.com\/wp-content\/uploads\/2021\/06\/Guillaume.png)\"><img decoding=\"async\" src=\"https:\/\/www.aesis-conseil.com\/wp-content\/uploads\/2021\/06\/Guillaume.png\" alt=\"Guillaume\"\/><\/figure>\n                    <h5>Guillaume<\/h5>\n                    <small>Desarrollador de aplicaciones<\/small>\n                    <hr><div class=\"team_social\"><\/div>                                   <\/div>\n          <\/div>\n          <div class=\"col-sm-6 col-md-6\">\n               <div class=\"team_member\">\n                    <figure style=\"background-image: url(https:\/\/www.aesis-conseil.com\/wp-content\/uploads\/2018\/06\/Alexandre.png)\"><img decoding=\"async\" src=\"https:\/\/www.aesis-conseil.com\/wp-content\/uploads\/2018\/06\/Alexandre.png\" alt=\"Alexandre\"\/><\/figure>\n                    <h5>Alexandre<\/h5>\n                    <small>Desarrollador de aplicaciones<\/small>\n                    <hr><div class=\"team_social\"><\/div>                                   <\/div>\n          <\/div>\n    <\/div>\n<\/div><\/div>  <\/div>  <\/div><\/section><section id=\"\"  class=\"light\"> <div class=\"container\">  <div class=\"row\"><div class=\"col-md-12  text-default\" ><div class=\"team_members\">\n     <div class=\"row\">\n          <div class=\"col-sm-6 col-md-3\">\n               <div class=\"team_member\">\n                    <figure style=\"background-image: url(https:\/\/www.aesis-conseil.com\/wp-content\/uploads\/2020\/10\/Valentin.png)\"><img decoding=\"async\" src=\"https:\/\/www.aesis-conseil.com\/wp-content\/uploads\/2020\/10\/Valentin.png\" alt=\"Valentin\"\/><\/figure>\n                    <h5>Valentin<\/h5>\n                    <small>Desarrollador de aplicaciones<\/small>\n                    <hr><div class=\"team_social\"><\/div>                                   <\/div>\n          <\/div>\n          <div class=\"col-sm-6 col-md-3\">\n               <div class=\"team_member\">\n                    <figure style=\"background-image: url(https:\/\/www.aesis-conseil.com\/wp-content\/uploads\/2017\/07\/Laure2.png)\"><img decoding=\"async\" src=\"https:\/\/www.aesis-conseil.com\/wp-content\/uploads\/2017\/07\/Laure2.png\" alt=\"Laure\"\/><\/figure>\n                    <h5>Laure<\/h5>\n                    <small>Dise\u00f1adora gr\u00e1fica<\/small>\n                    <hr><div class=\"team_social\"><\/div>                                   <\/div>\n          <\/div>\n<\/div><\/div>  <\/div>  <\/div><\/section><section id=\"\"  class=\"light\"> <div class=\"container\">  <div class=\"row\"><h2 class=\"section_header fancy centered\">Comercial<\/h2><div class=\"col-md-12  text-default\" ><div class=\"team_members\">\n     <div class=\"row\">\n          <div class=\"col-sm-6 col-md-6\">\n               <div class=\"team_member\">\n                    <figure style=\"background-image: url(https:\/\/www.aesis-conseil.com\/wp-content\/uploads\/2018\/06\/Remi.png)\"><img decoding=\"async\" src=\"https:\/\/www.aesis-conseil.com\/wp-content\/uploads\/2018\/06\/Remi.png\" alt=\"R\u00e9mi\"\/><\/figure>\n                    <h5>R\u00e9mi<\/h5>\n                    <small>Responsable comercial<\/small>\n                    <hr><div class=\"team_social\"><\/div>                                   <\/div>\n          <\/div>\n          <div class=\"col-sm-6 col-md-6\">\n               <div class=\"team_member\">\n                    <figure style=\"background-image: url(https:\/\/www.aesis-conseil.com\/wp-content\/uploads\/2015\/11\/Muriel.png)\"><img decoding=\"async\" src=\"https:\/\/www.aesis-conseil.com\/wp-content\/uploads\/2015\/11\/Muriel.png\" alt=\"Muriel\"\/><\/figure>\n                    <h5>Muriel<\/h5>\n                    <small>Asistente administrativa y comercial<\/small>\n                    <hr><div class=\"team_social\"><\/div>                                   <\/div>\n          <\/div>\n    <\/div>\n<\/div><\/div>  <\/div>  <\/div><\/section><section id=\"\"  class=\"light\"> <div class=\"container\">  <div class=\"row\"><h2 class=\"section_header fancy centered\">Soporte T\u00e9cnico<\/h2><div class=\"col-md-12 col-md-offset-3 text-default\" ><div class=\"team_members\">\n     <div class=\"row\">\n          <div class=\"col-sm-6 col-md-6\">\n               <div class=\"team_member\">\n                    <figure style=\"background-image: url(https:\/\/www.aesis-conseil.com\/wp-content\/uploads\/2015\/11\/Richard.png)\"><img decoding=\"async\" src=\"https:\/\/www.aesis-conseil.com\/wp-content\/uploads\/2015\/11\/Richard.png\" alt=\"Richard\"\/><\/figure>\n                    <h5>Richard<\/h5>\n                    <small>Ingeniero de Sistemas - Soporte T\u00e9cnico<\/small>\n                    <hr><div class=\"team_social\"><\/div>                                   <\/div>\n          <\/div>\n<\/div><\/div>  <\/div>  <\/div><\/section>\n","protected":false},"excerpt":{"rendered":"Direcci\u00f3n Marco Director Franck Director Desarrollo Guillaume Desarrollador de aplicaciones Alexandre Desarrollador de aplicaciones Valentin Desarrollador de aplicaciones Laure Dise\u00f1adora gr\u00e1fica Comercial R\u00e9mi Responsable comercial Muriel Asistente administrativa y comercial Soporte T\u00e9cnico Richard Ingeniero de Sistemas - Soporte T\u00e9cnico","protected":false},"author":1,"featured_media":5434,"parent":5429,"menu_order":1,"comment_status":"closed","ping_status":"closed","template":"","meta":{"footnotes":""},"class_list":["post-5432","page","type-page","status-publish","has-post-thumbnail","hentry"],"yoast_head":"<!-- This site is optimized with the Yoast SEO plugin v27.5 - https:\/\/yoast.com\/product\/yoast-seo-wordpress\/ -->\n<title>Nuestro equipo - Aesis Conseil<\/title>\n<meta name=\"robots\" content=\"index, follow, max-snippet:-1, max-image-preview:large, max-video-preview:-1\" \/>\n<link rel=\"canonical\" href=\"https:\/\/www.aesis-conseil.com\/es\/empresa\/equipo\/\" \/>\n<meta property=\"og:locale\" content=\"es_ES\" \/>\n<meta property=\"og:type\" content=\"article\" \/>\n<meta property=\"og:title\" content=\"Nuestro equipo - Aesis Conseil\" \/>\n<meta property=\"og:url\" content=\"https:\/\/www.aesis-conseil.com\/es\/empresa\/equipo\/\" \/>\n<meta property=\"og:site_name\" content=\"Aesis Conseil\" \/>\n<meta property=\"article:publisher\" content=\"https:\/\/fr-fr.facebook.com\/aesisconseil\" \/>\n<meta property=\"article:modified_time\" content=\"2020-11-13T09:56:40+00:00\" \/>\n<meta property=\"og:image\" content=\"https:\/\/www.aesis-conseil.com\/wp-content\/uploads\/2015\/11\/notre-equipe-Aesis-conseil1.jpg\" \/>\n\t<meta property=\"og:image:width\" content=\"1910\" \/>\n\t<meta property=\"og:image:height\" content=\"560\" \/>\n\t<meta property=\"og:image:type\" content=\"image\/jpeg\" \/>\n<meta name=\"twitter:card\" content=\"summary_large_image\" \/>\n<meta name=\"twitter:site\" content=\"@aesisconseil\" \/>\n<meta name=\"twitter:label1\" content=\"Tiempo de lectura\" \/>\n\t<meta name=\"twitter:data1\" content=\"1 minuto\" \/>\n<script type=\"application\/ld+json\" class=\"yoast-schema-graph\">{\"@context\":\"https:\\\/\\\/schema.org\",\"@graph\":[{\"@type\":\"WebPage\",\"@id\":\"https:\\\/\\\/www.aesis-conseil.com\\\/es\\\/empresa\\\/equipo\\\/\",\"url\":\"https:\\\/\\\/www.aesis-conseil.com\\\/es\\\/empresa\\\/equipo\\\/\",\"name\":\"Nuestro equipo - Aesis Conseil\",\"isPartOf\":{\"@id\":\"https:\\\/\\\/www.aesis-conseil.com\\\/#website\"},\"primaryImageOfPage\":{\"@id\":\"https:\\\/\\\/www.aesis-conseil.com\\\/es\\\/empresa\\\/equipo\\\/#primaryimage\"},\"image\":{\"@id\":\"https:\\\/\\\/www.aesis-conseil.com\\\/es\\\/empresa\\\/equipo\\\/#primaryimage\"},\"thumbnailUrl\":\"https:\\\/\\\/www.aesis-conseil.com\\\/wp-content\\\/uploads\\\/2015\\\/11\\\/notre-equipe-Aesis-conseil1.jpg\",\"datePublished\":\"2014-08-25T12:37:34+00:00\",\"dateModified\":\"2020-11-13T09:56:40+00:00\",\"breadcrumb\":{\"@id\":\"https:\\\/\\\/www.aesis-conseil.com\\\/es\\\/empresa\\\/equipo\\\/#breadcrumb\"},\"inLanguage\":\"es\",\"potentialAction\":[{\"@type\":\"ReadAction\",\"target\":[\"https:\\\/\\\/www.aesis-conseil.com\\\/es\\\/empresa\\\/equipo\\\/\"]}]},{\"@type\":\"ImageObject\",\"inLanguage\":\"es\",\"@id\":\"https:\\\/\\\/www.aesis-conseil.com\\\/es\\\/empresa\\\/equipo\\\/#primaryimage\",\"url\":\"https:\\\/\\\/www.aesis-conseil.com\\\/wp-content\\\/uploads\\\/2015\\\/11\\\/notre-equipe-Aesis-conseil1.jpg\",\"contentUrl\":\"https:\\\/\\\/www.aesis-conseil.com\\\/wp-content\\\/uploads\\\/2015\\\/11\\\/notre-equipe-Aesis-conseil1.jpg\",\"width\":1910,\"height\":560},{\"@type\":\"BreadcrumbList\",\"@id\":\"https:\\\/\\\/www.aesis-conseil.com\\\/es\\\/empresa\\\/equipo\\\/#breadcrumb\",\"itemListElement\":[{\"@type\":\"ListItem\",\"position\":1,\"name\":\"Accueil\",\"item\":\"https:\\\/\\\/www.aesis-conseil.com\\\/es\\\/\"},{\"@type\":\"ListItem\",\"position\":2,\"name\":\"Acerca de\",\"item\":\"https:\\\/\\\/www.aesis-conseil.com\\\/es\\\/empresa\\\/\"},{\"@type\":\"ListItem\",\"position\":3,\"name\":\"Nuestro equipo\"}]},{\"@type\":\"WebSite\",\"@id\":\"https:\\\/\\\/www.aesis-conseil.com\\\/#website\",\"url\":\"https:\\\/\\\/www.aesis-conseil.com\\\/\",\"name\":\"Aesis Conseil\",\"description\":\"Partenaire dans un monde ouvert\",\"publisher\":{\"@id\":\"https:\\\/\\\/www.aesis-conseil.com\\\/#organization\"},\"potentialAction\":[{\"@type\":\"SearchAction\",\"target\":{\"@type\":\"EntryPoint\",\"urlTemplate\":\"https:\\\/\\\/www.aesis-conseil.com\\\/?s={search_term_string}\"},\"query-input\":{\"@type\":\"PropertyValueSpecification\",\"valueRequired\":true,\"valueName\":\"search_term_string\"}}],\"inLanguage\":\"es\"},{\"@type\":\"Organization\",\"@id\":\"https:\\\/\\\/www.aesis-conseil.com\\\/#organization\",\"name\":\"Aesis Conseil\",\"url\":\"https:\\\/\\\/www.aesis-conseil.com\\\/\",\"logo\":{\"@type\":\"ImageObject\",\"inLanguage\":\"es\",\"@id\":\"https:\\\/\\\/www.aesis-conseil.com\\\/#\\\/schema\\\/logo\\\/image\\\/\",\"url\":\"https:\\\/\\\/www.aesis-conseil.com\\\/wp-content\\\/uploads\\\/2015\\\/04\\\/logo_final_aesis_court.png\",\"contentUrl\":\"https:\\\/\\\/www.aesis-conseil.com\\\/wp-content\\\/uploads\\\/2015\\\/04\\\/logo_final_aesis_court.png\",\"width\":127,\"height\":90,\"caption\":\"Aesis Conseil\"},\"image\":{\"@id\":\"https:\\\/\\\/www.aesis-conseil.com\\\/#\\\/schema\\\/logo\\\/image\\\/\"},\"sameAs\":[\"https:\\\/\\\/fr-fr.facebook.com\\\/aesisconseil\",\"https:\\\/\\\/x.com\\\/aesisconseil\",\"https:\\\/\\\/www.linkedin.com\\\/company\\\/aesis-conseil\",\"https:\\\/\\\/www.youtube.com\\\/@aesisconseil5360\"]}]}<\/script>\n<!-- \/ Yoast SEO plugin. -->","yoast_head_json":{"title":"Nuestro equipo - Aesis Conseil","robots":{"index":"index","follow":"follow","max-snippet":"max-snippet:-1","max-image-preview":"max-image-preview:large","max-video-preview":"max-video-preview:-1"},"canonical":"https:\/\/www.aesis-conseil.com\/es\/empresa\/equipo\/","og_locale":"es_ES","og_type":"article","og_title":"Nuestro equipo - Aesis Conseil","og_url":"https:\/\/www.aesis-conseil.com\/es\/empresa\/equipo\/","og_site_name":"Aesis Conseil","article_publisher":"https:\/\/fr-fr.facebook.com\/aesisconseil","article_modified_time":"2020-11-13T09:56:40+00:00","og_image":[{"width":1910,"height":560,"url":"https:\/\/www.aesis-conseil.com\/wp-content\/uploads\/2015\/11\/notre-equipe-Aesis-conseil1.jpg","type":"image\/jpeg"}],"twitter_card":"summary_large_image","twitter_site":"@aesisconseil","twitter_misc":{"Tiempo de lectura":"1 minuto"},"schema":{"@context":"https:\/\/schema.org","@graph":[{"@type":"WebPage","@id":"https:\/\/www.aesis-conseil.com\/es\/empresa\/equipo\/","url":"https:\/\/www.aesis-conseil.com\/es\/empresa\/equipo\/","name":"Nuestro equipo - Aesis Conseil","isPartOf":{"@id":"https:\/\/www.aesis-conseil.com\/#website"},"primaryImageOfPage":{"@id":"https:\/\/www.aesis-conseil.com\/es\/empresa\/equipo\/#primaryimage"},"image":{"@id":"https:\/\/www.aesis-conseil.com\/es\/empresa\/equipo\/#primaryimage"},"thumbnailUrl":"https:\/\/www.aesis-conseil.com\/wp-content\/uploads\/2015\/11\/notre-equipe-Aesis-conseil1.jpg","datePublished":"2014-08-25T12:37:34+00:00","dateModified":"2020-11-13T09:56:40+00:00","breadcrumb":{"@id":"https:\/\/www.aesis-conseil.com\/es\/empresa\/equipo\/#breadcrumb"},"inLanguage":"es","potentialAction":[{"@type":"ReadAction","target":["https:\/\/www.aesis-conseil.com\/es\/empresa\/equipo\/"]}]},{"@type":"ImageObject","inLanguage":"es","@id":"https:\/\/www.aesis-conseil.com\/es\/empresa\/equipo\/#primaryimage","url":"https:\/\/www.aesis-conseil.com\/wp-content\/uploads\/2015\/11\/notre-equipe-Aesis-conseil1.jpg","contentUrl":"https:\/\/www.aesis-conseil.com\/wp-content\/uploads\/2015\/11\/notre-equipe-Aesis-conseil1.jpg","width":1910,"height":560},{"@type":"BreadcrumbList","@id":"https:\/\/www.aesis-conseil.com\/es\/empresa\/equipo\/#breadcrumb","itemListElement":[{"@type":"ListItem","position":1,"name":"Accueil","item":"https:\/\/www.aesis-conseil.com\/es\/"},{"@type":"ListItem","position":2,"name":"Acerca de","item":"https:\/\/www.aesis-conseil.com\/es\/empresa\/"},{"@type":"ListItem","position":3,"name":"Nuestro equipo"}]},{"@type":"WebSite","@id":"https:\/\/www.aesis-conseil.com\/#website","url":"https:\/\/www.aesis-conseil.com\/","name":"Aesis Conseil","description":"Partenaire dans un monde ouvert","publisher":{"@id":"https:\/\/www.aesis-conseil.com\/#organization"},"potentialAction":[{"@type":"SearchAction","target":{"@type":"EntryPoint","urlTemplate":"https:\/\/www.aesis-conseil.com\/?s={search_term_string}"},"query-input":{"@type":"PropertyValueSpecification","valueRequired":true,"valueName":"search_term_string"}}],"inLanguage":"es"},{"@type":"Organization","@id":"https:\/\/www.aesis-conseil.com\/#organization","name":"Aesis Conseil","url":"https:\/\/www.aesis-conseil.com\/","logo":{"@type":"ImageObject","inLanguage":"es","@id":"https:\/\/www.aesis-conseil.com\/#\/schema\/logo\/image\/","url":"https:\/\/www.aesis-conseil.com\/wp-content\/uploads\/2015\/04\/logo_final_aesis_court.png","contentUrl":"https:\/\/www.aesis-conseil.com\/wp-content\/uploads\/2015\/04\/logo_final_aesis_court.png","width":127,"height":90,"caption":"Aesis Conseil"},"image":{"@id":"https:\/\/www.aesis-conseil.com\/#\/schema\/logo\/image\/"},"sameAs":["https:\/\/fr-fr.facebook.com\/aesisconseil","https:\/\/x.com\/aesisconseil","https:\/\/www.linkedin.com\/company\/aesis-conseil","https:\/\/www.youtube.com\/@aesisconseil5360"]}]}},"_links":{"self":[{"href":"https:\/\/www.aesis-conseil.com\/es\/wp-json\/wp\/v2\/pages\/5432","targetHints":{"allow":["GET"]}}],"collection":[{"href":"https:\/\/www.aesis-conseil.com\/es\/wp-json\/wp\/v2\/pages"}],"about":[{"href":"https:\/\/www.aesis-conseil.com\/es\/wp-json\/wp\/v2\/types\/page"}],"author":[{"embeddable":true,"href":"https:\/\/www.aesis-conseil.com\/es\/wp-json\/wp\/v2\/users\/1"}],"replies":[{"embeddable":true,"href":"https:\/\/www.aesis-conseil.com\/es\/wp-json\/wp\/v2\/comments?post=5432"}],"version-history":[{"count":0,"href":"https:\/\/www.aesis-conseil.com\/es\/wp-json\/wp\/v2\/pages\/5432\/revisions"}],"up":[{"embeddable":true,"href":"https:\/\/www.aesis-conseil.com\/es\/wp-json\/wp\/v2\/pages\/5429"}],"wp:featuredmedia":[{"embeddable":true,"href":"https:\/\/www.aesis-conseil.com\/es\/wp-json\/wp\/v2\/media\/5434"}],"wp:attachment":[{"href":"https:\/\/www.aesis-conseil.com\/es\/wp-json\/wp\/v2\/media?parent=5432"}],"curies":[{"name":"wp","href":"https:\/\/api.w.org\/{rel}","templated":true}]}}