{"id":5393,"date":"2015-04-28T15:59:28","date_gmt":"2015-04-28T14:59:28","guid":{"rendered":"https:\/\/www.aesis-conseil.com\/presentation\/"},"modified":"2019-07-24T11:43:31","modified_gmt":"2019-07-24T09:43:31","slug":"presentacion","status":"publish","type":"page","link":"https:\/\/www.aesis-conseil.com\/es\/empresa\/presentacion\/","title":{"rendered":"Presentaci\u00f3n"},"content":{"rendered":"<section id=\"\"  class=\"light\"> <div class=\"container\">  <div class=\"row\"><div class=\"col-md-4  text-default\" >[vc_single_image image=\u00bb5408&#8243; img_size=\u00bbfull\u00bb el_class=\u00bb\u00bb]<\/div><div class=\"col-md-8  text-default\" >[vc_column_text]<\/p>\n<p style=\"text-align: left;\"><span id=\"Sp1.s2_o\" class=\"systran_seg\"><span id=\"token_1\" class=\"systran_token_word\">Aesis<\/span>\u00a0<span id=\"token_2\" class=\"systran_token_word\">Conseil<\/span>\u00a0<span id=\"token_3\" class=\"systran_token_word\">es<\/span>\u00a0<span id=\"token_0\" class=\"systran_token_word\">una<\/span>\u00a0<span id=\"token_5\" class=\"systran_token_word\">sociedad<\/span>\u00a0<span id=\"token_0\" class=\"systran_token_word\">de<\/span>\u00a0<span id=\"token_7\" class=\"systran_token_word\">ingenier\u00eda<\/span>\u00a0<span id=\"token_8\" class=\"systran_token_word\">en <\/span><span id=\"token_9\" class=\"systran_token_word\">inform\u00e1tica<\/span><span id=\"token_10\" class=\"systran_token_punctuation\">. <\/span><\/span><span id=\"Sp1.s3_o\" class=\"systran_seg\"><span id=\"token_11\" class=\"systran_token_word\">Su<\/span>\u00a0<span id=\"token_12\" class=\"systran_token_word\">principal<\/span>\u00a0<span id=\"token_13\" class=\"systran_token_word\">actividad<\/span>\u00a0<span id=\"token_14\" class=\"systran_token_word\">es<\/span><strong>\u00a0<span id=\"token_0\" class=\"systran_token_word\">la <\/span><\/strong><span id=\"token_16\" class=\"systran_token_word\"><strong>integraci\u00f3n<\/strong>, <\/span><strong><span id=\"token_0\" class=\"systran_token_word\">la<\/span>\u00a0<span id=\"token_19\" class=\"systran_token_word\">difusi\u00f3n<\/span>\u00a0<span id=\"token_20\" class=\"systran_token_word\">y<\/span>\u00a0<span id=\"token_0\" class=\"systran_token_word\">la<\/span>\u00a0<span id=\"token_22\" class=\"systran_token_word\">utilizaci\u00f3n<\/span>\u00a0<span id=\"token_0\" class=\"systran_token_word\">del software\u00a0de c\u00f3digo abierto<\/span><\/strong>\u00a0<span id=\"token_26\" class=\"systran_token_punctuation\">(<\/span><span id=\"token_27\" class=\"systran_token_word\">o<\/span>\u00a0<span id=\"token_28\" class=\"systran_token_word\">Open Source<\/span><span id=\"token_30\" class=\"systran_token_punctuation\">)<\/span><span id=\"token_31\" class=\"systran_token_punctuation\">.<\/span><\/span><\/p>\n<p><span id=\"token_1\" class=\"systran_token_word\">Creada<\/span>\u00a0<span id=\"token_2\" class=\"systran_token_entity\">en 2003<\/span>\u00a0<span id=\"token_3\" class=\"systran_token_word\">por<\/span>\u00a0<span id=\"token_4\" class=\"systran_token_word\">dos<\/span>\u00a0<span id=\"token_5\" class=\"systran_token_word\">asociados<\/span>\u00a0<span id=\"token_6\" class=\"systran_token_word\">operativos<\/span><span id=\"token_7\" class=\"systran_token_punctuation\">,<\/span>\u00a0<span id=\"token_0\" class=\"systran_token_word\">la <\/span><span id=\"token_9\" class=\"systran_token_word\">empresa<\/span>\u00a0<span id=\"token_10\" class=\"systran_token_word\">posee<\/span>\u00a0<span id=\"token_0\" class=\"systran_token_word\">una<\/span><strong>\u00a0<span id=\"token_12\" class=\"systran_token_word\">gran<\/span>\u00a0<span id=\"token_13\" class=\"systran_token_word\">experiencia<\/span>\u00a0<span id=\"token_14\" class=\"systran_token_word\">oficio<\/span>\u00a0<span id=\"token_15\" class=\"systran_token_word\">y <\/span><span id=\"token_16\" class=\"systran_token_word\">producto<\/span><\/strong>\u00a0<span id=\"token_17\" class=\"systran_token_word\">con ayuda<\/span>\u00a0<span id=\"token_0\" class=\"systran_token_word\">de<\/span>\u00a0<span id=\"token_18\" class=\"systran_token_word\">sus<\/span>\u00a0<span id=\"token_19\" class=\"systran_token_word\">diez<\/span>\u00a0<span id=\"token_20\" class=\"systran_token_word\">colaboradores<\/span><span id=\"token_21\" class=\"systran_token_punctuation\">.<\/span><\/p>\n<p>Aesis Conseil naci\u00f3 de la voluntad de sus fundadores de demostrar que hoy en d\u00eda era posible, en el campo de la inform\u00e1tica,<strong> trabajar de otro modo<\/strong>, m\u00e1s <strong>eficazmente<\/strong> y <strong>libre de las restricciones<\/strong> impuestas por algunos editores.<\/p>\n<p>Gracias a nuestro <strong>enfoque de competencias m\u00faltiples<\/strong>, somos capaces de comprender todas las \u00e1reas relacionadas con el sistema de informaci\u00f3n y las cinco grandes necesidades de la empresa en materia de inform\u00e1tica que son:<\/p>\n<ul>\n<li><strong>La auditor\u00eda y el asesoramiento<\/strong>, el primer paso para estudiar sus necesidades y encontrar las soluciones m\u00e1s adecuadas para su actividad, las mejores maneras de hacer evolucionar su sistema de informaci\u00f3n.<\/li>\n<li><strong>La integraci\u00f3n de nuevas soluciones<\/strong> en su infraestructura inform\u00e1tica existente, ya que no siempre es posible cambiarlo todo y debe poder amortizar su hardware, software e inversiones humanas anteriores.<\/li>\n<li style=\"text-align: left;\"><strong>El desarrollo de aplicaciones<\/strong> adaptadas a sus necesidades que tengan en cuenta las especificidades de su negocio y su empresa.<\/li>\n<li><strong>El soporte y la disponibilidad<\/strong> de Aesis para ofrecerle nuevas soluciones, resolver problemas, optimizar a\u00fan m\u00e1s sus herramientas y brindarle asistencia durante todo su ciclo de vida.<\/li>\n<li style=\"text-align: left;\"><strong>La capacitaci\u00f3n de sus equipos y su personal<\/strong> para dominar las herramientas de su trabajo y darle la oportunidad de seguir la evoluci\u00f3n en el tiempo, con todas las habilidades necesarias.<\/li>\n<\/ul>\n<p>[\/vc_column_text]<\/div>  <\/div>  <\/div><\/section><section id=\"\"  class=\"dark_section parallax\" style=\"background-image:url(https:\/\/www.aesis-conseil.com\/wp-content\/uploads\/2015\/11\/appareil-aesis1.jpg); background-size:cover;\"> <div class=\"container\">  <div class=\"row\"><h2 class=\"section_header fancy centered\">NUESTRA POL\u00cdTICA DE RESPONSABILIDAD SOCIAL CORPORATIVA<small>La pol\u00edtica de Responsabilidad Social Corporativa dentro de Aesis Conseil cae dentro del alcance de las siguientes \u00e1reas de acci\u00f3n:<\/small><\/h2><div class=\"col-md-12  text-default\" >[vc_column_text]<\/p>\n<ul>\n<li><strong>relaciones y condiciones de trabajo (vales de restaurantes, teletrabajo, adaptaci\u00f3n<b class=\"b2\">\u00a0de <b class=\"b4\">lo<\/b><b class=\"b5\">s horarios<\/b><\/b><b class=\"b3\">\u00a0d<\/b><b class=\"b2\">e tr<\/b><b class=\"b1\">ab<\/b>ajo, encargue del abono a los transportes p\u00fablicos, primas regulares &#8230;)<\/strong><\/li>\n<li><strong>di\u00e1logo social: los colaboradores participan frecuentemente en la toma de decisiones<\/strong><\/li>\n<li><strong>el medio ambiente (ecodise\u00f1o del software, recogida selectiva &#8230;)<\/strong><\/li>\n<li><strong>desarrollo regional (colaboraci\u00f3n\u00a0con empresas y asocianes locales&#8230;)<\/strong><\/li>\n<li><strong>creaci\u00f3n de empleo y desarrollo de habilidades a trav\u00e9s de la formaci\u00f3n regular.<\/strong><\/li>\n<li><strong>Donaciones regulares a asociaciones por ejemplo deportivas.<\/strong><\/li>\n<\/ul>\n<p>[\/vc_column_text]<\/div>  <\/div>  <\/div><\/section><section id=\"\"  class=\"light parallax\"> <div class=\"container\">  <div class=\"row\"><h2 class=\"section_header fancy centered\">Nuestras asociaciones<small>Cartas y servicios<\/small><\/h2><div class=\"col-md-4  text-default\" ><div class=\"service_teaser vertical\"><div class=\"service_photo\"><figure style=\"background-image:url(https:\/\/www.aesis-conseil.com\/wp-content\/uploads\/2015\/06\/entreprise-solidaire.png)\"><\/figure><\/div><div class=\"service_details\"><h2>Empresa solidaria<\/h2><p>En 2014, Aesis Conseil obtiene la certificaci\u00f3n \u00abempresa solidaria\u00bb, confiada a las empresas que buscan conciliar actividad econ\u00f3mica y utilidad social.<\/p>\n<\/div><\/div><\/div><div class=\"col-md-4  text-default\" ><div class=\"service_teaser vertical\"><div class=\"service_photo\"><figure style=\"background-image:url(https:\/\/www.aesis-conseil.com\/wp-content\/uploads\/2015\/06\/entreprises-quartiers-e1445353139695.png)\"><\/figure><\/div><div class=\"service_details\"><h2>Empresas y barrios<\/h2><p>Aesis Conseil ha firmado la carta de \u00abEmpresas y barrios\u00bb y se compromete a promover el desarrollo econ\u00f3mico, social y cultural de los barrios prioritarios.<\/p>\n<\/div><\/div><\/div><div class=\"col-md-4  text-default\" ><div class=\"service_teaser vertical\"><div class=\"service_photo\"><figure style=\"background-image:url(https:\/\/www.aesis-conseil.com\/wp-content\/uploads\/2015\/06\/logo-miaj.png)\"><\/figure><\/div><div class=\"service_details\"><h2>MIAJ<\/h2><p>La firma de una asociaci\u00f3n con la Misi\u00f3n Local (MIAJ) permite dar la bienvenida a los j\u00f3venes en busca de un proyecto profesional.<\/p>\n<\/div><\/div><\/div>  <\/div>  <\/div><\/section><section id=\"\"  class=\"dark_section parallax\" style=\"background-image:url(https:\/\/www.aesis-conseil.com\/wp-content\/uploads\/2015\/11\/clavier-aesis.jpg); background-size:cover;\"> <div class=\"container\">  <div class=\"row\"><h2 class=\"section_header fancy centered\">Nuestros principios<\/h2><div class=\"col-md-12  text-default\" >[vc_column_text]<\/p>\n<ul>\n<li><strong>El uso de software libre en las zonas donde son eficientes y confiables.<\/strong><\/li>\n<li><strong>Hacer que nuestros clientes beneficien de una ganancia significativa en licencias y, por lo tanto, en el costo de la infraestructura de inform\u00e1tica.<\/strong><\/li>\n<li><strong>Utilizar las mejores soluciones de la industria si ninguna soluci\u00f3n gratuita satisface la necesidad.<\/strong><\/li>\n<li><strong>Proporcionar a nuestros clientes un asesoramiento independiente de cualquier editor o fabricante de ordenadores.<\/strong><\/li>\n<\/ul>\n<p>[\/vc_column_text]<\/div>  <\/div>  <\/div><\/section><section id=\"\"  class=\"light\">  <div class=\"container triangles-of-section\">    <div class=\"triangle-up-left\"><\/div>    <div class=\"square-left\"><\/div>    <div class=\"triangle-up-right\"><\/div>    <div class=\"square-right\"><\/div>  <\/div> <div class=\"container\">  <div class=\"row\"><h2 class=\"section_header fancy centered\">Aesis se compromete<\/h2><div class=\"col-md-3  text-default\" ><div class='feature_teaser'>\n  <img alt='Aesis conseil s'engage partage' src='https:\/\/www.aesis-conseil.com\/wp-content\/uploads\/2015\/06\/aesis-s-engage-partage.png'>\n  <h3>Comparte<\/h3>\n<p>conocimiento al adherirse a la filosof\u00eda del software libre.<\/p>\n\n<\/div><\/div><div class=\"col-md-3  text-default\" ><div class='feature_teaser'>\n  <img alt='Aesis conseil s'engage respect' src='https:\/\/www.aesis-conseil.com\/wp-content\/uploads\/2015\/06\/aesis-s-engage-respect.png'>\n  <h3>Respeto<\/h3>\n<p>honestidad y solidaridad con nuestros clientes, colaboradores y socios.<\/p>\n\n<\/div><\/div><div class=\"col-md-3  text-default\" ><div class='feature_teaser'>\n  <img alt='Aesis conseil s'engage protection' src='https:\/\/www.aesis-conseil.com\/wp-content\/uploads\/2015\/06\/aesis-s-engage-protection.png'>\n  <h3>Confidencialidad<\/h3>\n<p>y protecci\u00f3n de toda la informaci\u00f3n sensible de sus colaboradores.<\/p>\n\n<\/div><\/div><div class=\"col-md-3  text-default\" ><div class='feature_teaser'>\n  <img alt='Aesis conseil s'engage \u00e9cologie' src='https:\/\/www.aesis-conseil.com\/wp-content\/uploads\/2015\/06\/aesis-s-engage-ecologie.png'>\n  <h3>Ecociudadan\u00eda<\/h3>\n<p>con la aplicaci\u00f3n de una pol\u00edtica de \u00abecodesarrollo de software\u00bb.<\/p>\n\n<\/div><\/div>  <\/div>  <\/div><\/section>\n","protected":false},"excerpt":{"rendered":"[vc_single_image image=\"5408\" img_size=\"full\" el_class=\"\"][vc_column_text] Aesis\u00a0Conseil\u00a0es\u00a0una\u00a0sociedad\u00a0de\u00a0ingenier\u00eda\u00a0en inform\u00e1tica. Su\u00a0principal\u00a0actividad\u00a0es\u00a0la integraci\u00f3n, la\u00a0difusi\u00f3n\u00a0y\u00a0la\u00a0utilizaci\u00f3n\u00a0del software\u00a0de c\u00f3digo abierto\u00a0(o\u00a0Open Source). Creada\u00a0en 2003\u00a0por\u00a0dos\u00a0asociados\u00a0operativos,\u00a0la empresa\u00a0posee\u00a0una\u00a0gran\u00a0experiencia\u00a0oficio\u00a0y producto\u00a0con ayuda\u00a0de\u00a0sus\u00a0diez\u00a0colaboradores. Aesis Conseil naci\u00f3 de la voluntad de sus fundadores de demostrar que hoy en d\u00eda era posible, en el campo de la inform\u00e1tica, trabajar de otro modo, m\u00e1s eficazmente y libre de las restricciones impuestas por algunos [...]<a target=\"_blank\" href=\"https:\/\/www.aesis-conseil.com\/es\/empresa\/presentacion\/\"> Lire la suite<\/a>","protected":false},"author":2,"featured_media":5395,"parent":5429,"menu_order":0,"comment_status":"closed","ping_status":"open","template":"","meta":{"footnotes":""},"class_list":["post-5393","page","type-page","status-publish","has-post-thumbnail","hentry"],"yoast_head":"<!-- This site is optimized with the Yoast SEO plugin v27.5 - https:\/\/yoast.com\/product\/yoast-seo-wordpress\/ -->\n<title>Presentaci\u00f3n - Aesis Conseil<\/title>\n<meta name=\"robots\" content=\"index, follow, max-snippet:-1, max-image-preview:large, max-video-preview:-1\" \/>\n<link rel=\"canonical\" href=\"https:\/\/www.aesis-conseil.com\/es\/empresa\/presentacion\/\" \/>\n<meta property=\"og:locale\" content=\"es_ES\" \/>\n<meta property=\"og:type\" content=\"article\" \/>\n<meta property=\"og:title\" content=\"Presentaci\u00f3n - Aesis Conseil\" \/>\n<meta property=\"og:url\" content=\"https:\/\/www.aesis-conseil.com\/es\/empresa\/presentacion\/\" \/>\n<meta property=\"og:site_name\" content=\"Aesis Conseil\" \/>\n<meta property=\"article:publisher\" content=\"https:\/\/fr-fr.facebook.com\/aesisconseil\" \/>\n<meta property=\"article:modified_time\" content=\"2019-07-24T09:43:31+00:00\" \/>\n<meta property=\"og:image\" content=\"https:\/\/www.aesis-conseil.com\/wp-content\/uploads\/2015\/11\/smartphone-aesis-conseil1.jpg\" \/>\n\t<meta property=\"og:image:width\" content=\"1910\" \/>\n\t<meta property=\"og:image:height\" content=\"560\" \/>\n\t<meta property=\"og:image:type\" content=\"image\/jpeg\" \/>\n<meta name=\"twitter:card\" content=\"summary_large_image\" \/>\n<meta name=\"twitter:site\" content=\"@aesisconseil\" \/>\n<meta name=\"twitter:label1\" content=\"Tiempo de lectura\" \/>\n\t<meta name=\"twitter:data1\" content=\"4 minutos\" \/>\n<script type=\"application\/ld+json\" class=\"yoast-schema-graph\">{\"@context\":\"https:\\\/\\\/schema.org\",\"@graph\":[{\"@type\":\"WebPage\",\"@id\":\"https:\\\/\\\/www.aesis-conseil.com\\\/es\\\/empresa\\\/presentacion\\\/\",\"url\":\"https:\\\/\\\/www.aesis-conseil.com\\\/es\\\/empresa\\\/presentacion\\\/\",\"name\":\"Presentaci\u00f3n - Aesis Conseil\",\"isPartOf\":{\"@id\":\"https:\\\/\\\/www.aesis-conseil.com\\\/#website\"},\"primaryImageOfPage\":{\"@id\":\"https:\\\/\\\/www.aesis-conseil.com\\\/es\\\/empresa\\\/presentacion\\\/#primaryimage\"},\"image\":{\"@id\":\"https:\\\/\\\/www.aesis-conseil.com\\\/es\\\/empresa\\\/presentacion\\\/#primaryimage\"},\"thumbnailUrl\":\"https:\\\/\\\/www.aesis-conseil.com\\\/wp-content\\\/uploads\\\/2015\\\/11\\\/smartphone-aesis-conseil1.jpg\",\"datePublished\":\"2015-04-28T14:59:28+00:00\",\"dateModified\":\"2019-07-24T09:43:31+00:00\",\"breadcrumb\":{\"@id\":\"https:\\\/\\\/www.aesis-conseil.com\\\/es\\\/empresa\\\/presentacion\\\/#breadcrumb\"},\"inLanguage\":\"es\",\"potentialAction\":[{\"@type\":\"ReadAction\",\"target\":[\"https:\\\/\\\/www.aesis-conseil.com\\\/es\\\/empresa\\\/presentacion\\\/\"]}]},{\"@type\":\"ImageObject\",\"inLanguage\":\"es\",\"@id\":\"https:\\\/\\\/www.aesis-conseil.com\\\/es\\\/empresa\\\/presentacion\\\/#primaryimage\",\"url\":\"https:\\\/\\\/www.aesis-conseil.com\\\/wp-content\\\/uploads\\\/2015\\\/11\\\/smartphone-aesis-conseil1.jpg\",\"contentUrl\":\"https:\\\/\\\/www.aesis-conseil.com\\\/wp-content\\\/uploads\\\/2015\\\/11\\\/smartphone-aesis-conseil1.jpg\",\"width\":1910,\"height\":560},{\"@type\":\"BreadcrumbList\",\"@id\":\"https:\\\/\\\/www.aesis-conseil.com\\\/es\\\/empresa\\\/presentacion\\\/#breadcrumb\",\"itemListElement\":[{\"@type\":\"ListItem\",\"position\":1,\"name\":\"Accueil\",\"item\":\"https:\\\/\\\/www.aesis-conseil.com\\\/es\\\/\"},{\"@type\":\"ListItem\",\"position\":2,\"name\":\"Acerca de\",\"item\":\"https:\\\/\\\/www.aesis-conseil.com\\\/es\\\/empresa\\\/\"},{\"@type\":\"ListItem\",\"position\":3,\"name\":\"Presentaci\u00f3n\"}]},{\"@type\":\"WebSite\",\"@id\":\"https:\\\/\\\/www.aesis-conseil.com\\\/#website\",\"url\":\"https:\\\/\\\/www.aesis-conseil.com\\\/\",\"name\":\"Aesis Conseil\",\"description\":\"Partenaire dans un monde ouvert\",\"publisher\":{\"@id\":\"https:\\\/\\\/www.aesis-conseil.com\\\/#organization\"},\"potentialAction\":[{\"@type\":\"SearchAction\",\"target\":{\"@type\":\"EntryPoint\",\"urlTemplate\":\"https:\\\/\\\/www.aesis-conseil.com\\\/?s={search_term_string}\"},\"query-input\":{\"@type\":\"PropertyValueSpecification\",\"valueRequired\":true,\"valueName\":\"search_term_string\"}}],\"inLanguage\":\"es\"},{\"@type\":\"Organization\",\"@id\":\"https:\\\/\\\/www.aesis-conseil.com\\\/#organization\",\"name\":\"Aesis Conseil\",\"url\":\"https:\\\/\\\/www.aesis-conseil.com\\\/\",\"logo\":{\"@type\":\"ImageObject\",\"inLanguage\":\"es\",\"@id\":\"https:\\\/\\\/www.aesis-conseil.com\\\/#\\\/schema\\\/logo\\\/image\\\/\",\"url\":\"https:\\\/\\\/www.aesis-conseil.com\\\/wp-content\\\/uploads\\\/2015\\\/04\\\/logo_final_aesis_court.png\",\"contentUrl\":\"https:\\\/\\\/www.aesis-conseil.com\\\/wp-content\\\/uploads\\\/2015\\\/04\\\/logo_final_aesis_court.png\",\"width\":127,\"height\":90,\"caption\":\"Aesis Conseil\"},\"image\":{\"@id\":\"https:\\\/\\\/www.aesis-conseil.com\\\/#\\\/schema\\\/logo\\\/image\\\/\"},\"sameAs\":[\"https:\\\/\\\/fr-fr.facebook.com\\\/aesisconseil\",\"https:\\\/\\\/x.com\\\/aesisconseil\",\"https:\\\/\\\/www.linkedin.com\\\/company\\\/aesis-conseil\",\"https:\\\/\\\/www.youtube.com\\\/@aesisconseil5360\"]}]}<\/script>\n<!-- \/ Yoast SEO plugin. -->","yoast_head_json":{"title":"Presentaci\u00f3n - Aesis Conseil","robots":{"index":"index","follow":"follow","max-snippet":"max-snippet:-1","max-image-preview":"max-image-preview:large","max-video-preview":"max-video-preview:-1"},"canonical":"https:\/\/www.aesis-conseil.com\/es\/empresa\/presentacion\/","og_locale":"es_ES","og_type":"article","og_title":"Presentaci\u00f3n - Aesis Conseil","og_url":"https:\/\/www.aesis-conseil.com\/es\/empresa\/presentacion\/","og_site_name":"Aesis Conseil","article_publisher":"https:\/\/fr-fr.facebook.com\/aesisconseil","article_modified_time":"2019-07-24T09:43:31+00:00","og_image":[{"width":1910,"height":560,"url":"https:\/\/www.aesis-conseil.com\/wp-content\/uploads\/2015\/11\/smartphone-aesis-conseil1.jpg","type":"image\/jpeg"}],"twitter_card":"summary_large_image","twitter_site":"@aesisconseil","twitter_misc":{"Tiempo de lectura":"4 minutos"},"schema":{"@context":"https:\/\/schema.org","@graph":[{"@type":"WebPage","@id":"https:\/\/www.aesis-conseil.com\/es\/empresa\/presentacion\/","url":"https:\/\/www.aesis-conseil.com\/es\/empresa\/presentacion\/","name":"Presentaci\u00f3n - Aesis Conseil","isPartOf":{"@id":"https:\/\/www.aesis-conseil.com\/#website"},"primaryImageOfPage":{"@id":"https:\/\/www.aesis-conseil.com\/es\/empresa\/presentacion\/#primaryimage"},"image":{"@id":"https:\/\/www.aesis-conseil.com\/es\/empresa\/presentacion\/#primaryimage"},"thumbnailUrl":"https:\/\/www.aesis-conseil.com\/wp-content\/uploads\/2015\/11\/smartphone-aesis-conseil1.jpg","datePublished":"2015-04-28T14:59:28+00:00","dateModified":"2019-07-24T09:43:31+00:00","breadcrumb":{"@id":"https:\/\/www.aesis-conseil.com\/es\/empresa\/presentacion\/#breadcrumb"},"inLanguage":"es","potentialAction":[{"@type":"ReadAction","target":["https:\/\/www.aesis-conseil.com\/es\/empresa\/presentacion\/"]}]},{"@type":"ImageObject","inLanguage":"es","@id":"https:\/\/www.aesis-conseil.com\/es\/empresa\/presentacion\/#primaryimage","url":"https:\/\/www.aesis-conseil.com\/wp-content\/uploads\/2015\/11\/smartphone-aesis-conseil1.jpg","contentUrl":"https:\/\/www.aesis-conseil.com\/wp-content\/uploads\/2015\/11\/smartphone-aesis-conseil1.jpg","width":1910,"height":560},{"@type":"BreadcrumbList","@id":"https:\/\/www.aesis-conseil.com\/es\/empresa\/presentacion\/#breadcrumb","itemListElement":[{"@type":"ListItem","position":1,"name":"Accueil","item":"https:\/\/www.aesis-conseil.com\/es\/"},{"@type":"ListItem","position":2,"name":"Acerca de","item":"https:\/\/www.aesis-conseil.com\/es\/empresa\/"},{"@type":"ListItem","position":3,"name":"Presentaci\u00f3n"}]},{"@type":"WebSite","@id":"https:\/\/www.aesis-conseil.com\/#website","url":"https:\/\/www.aesis-conseil.com\/","name":"Aesis Conseil","description":"Partenaire dans un monde ouvert","publisher":{"@id":"https:\/\/www.aesis-conseil.com\/#organization"},"potentialAction":[{"@type":"SearchAction","target":{"@type":"EntryPoint","urlTemplate":"https:\/\/www.aesis-conseil.com\/?s={search_term_string}"},"query-input":{"@type":"PropertyValueSpecification","valueRequired":true,"valueName":"search_term_string"}}],"inLanguage":"es"},{"@type":"Organization","@id":"https:\/\/www.aesis-conseil.com\/#organization","name":"Aesis Conseil","url":"https:\/\/www.aesis-conseil.com\/","logo":{"@type":"ImageObject","inLanguage":"es","@id":"https:\/\/www.aesis-conseil.com\/#\/schema\/logo\/image\/","url":"https:\/\/www.aesis-conseil.com\/wp-content\/uploads\/2015\/04\/logo_final_aesis_court.png","contentUrl":"https:\/\/www.aesis-conseil.com\/wp-content\/uploads\/2015\/04\/logo_final_aesis_court.png","width":127,"height":90,"caption":"Aesis Conseil"},"image":{"@id":"https:\/\/www.aesis-conseil.com\/#\/schema\/logo\/image\/"},"sameAs":["https:\/\/fr-fr.facebook.com\/aesisconseil","https:\/\/x.com\/aesisconseil","https:\/\/www.linkedin.com\/company\/aesis-conseil","https:\/\/www.youtube.com\/@aesisconseil5360"]}]}},"_links":{"self":[{"href":"https:\/\/www.aesis-conseil.com\/es\/wp-json\/wp\/v2\/pages\/5393","targetHints":{"allow":["GET"]}}],"collection":[{"href":"https:\/\/www.aesis-conseil.com\/es\/wp-json\/wp\/v2\/pages"}],"about":[{"href":"https:\/\/www.aesis-conseil.com\/es\/wp-json\/wp\/v2\/types\/page"}],"author":[{"embeddable":true,"href":"https:\/\/www.aesis-conseil.com\/es\/wp-json\/wp\/v2\/users\/2"}],"replies":[{"embeddable":true,"href":"https:\/\/www.aesis-conseil.com\/es\/wp-json\/wp\/v2\/comments?post=5393"}],"version-history":[{"count":0,"href":"https:\/\/www.aesis-conseil.com\/es\/wp-json\/wp\/v2\/pages\/5393\/revisions"}],"up":[{"embeddable":true,"href":"https:\/\/www.aesis-conseil.com\/es\/wp-json\/wp\/v2\/pages\/5429"}],"wp:featuredmedia":[{"embeddable":true,"href":"https:\/\/www.aesis-conseil.com\/es\/wp-json\/wp\/v2\/media\/5395"}],"wp:attachment":[{"href":"https:\/\/www.aesis-conseil.com\/es\/wp-json\/wp\/v2\/media?parent=5393"}],"curies":[{"name":"wp","href":"https:\/\/api.w.org\/{rel}","templated":true}]}}